{"id":105,"date":"2019-09-13T12:34:25","date_gmt":"2019-09-13T12:34:25","guid":{"rendered":"http:\/\/varaljasiklos.hu\/?page_id=105"},"modified":"2022-11-09T10:17:50","modified_gmt":"2022-11-09T10:17:50","slug":"kapcsolat","status":"publish","type":"page","link":"https:\/\/varaljasiklos.hu\/index.php\/kapcsolat\/","title":{"rendered":"Kapcsolat"},"content":{"rendered":"<p>[et_pb_section fb_built=&#8221;1&#8243; fullwidth=&#8221;on&#8221; _builder_version=&#8221;3.27.4&#8243;][et_pb_fullwidth_image src=&#8221;http:\/\/varaljasiklos.hu\/wp-content\/uploads\/2019\/09\/head01.jpg&#8221; _builder_version=&#8221;3.27.4&#8243;][\/et_pb_fullwidth_image][\/et_pb_section][et_pb_section fb_built=&#8221;1&#8243; fullwidth=&#8221;on&#8221; disabled_on=&#8221;on|on|off&#8221; _builder_version=&#8221;4.0.11&#8243; background_color=&#8221;rgba(0,0,0,0)&#8221; custom_margin=&#8221;0px||||false|false&#8221; custom_padding=&#8221;0px||0px||false|false&#8221; custom_css_main_element=&#8221;padding-top:0;&#8221; global_module=&#8221;122&#8243;][et_pb_fullwidth_menu fullwidth_menu=&#8221;off&#8221; _builder_version=&#8221;4.0.11&#8243; menu_font=&#8221;|||on|||||&#8221; menu_font_size=&#8221;0.85em&#8221; menu_letter_spacing=&#8221;2px&#8221; background_enable_color=&#8221;off&#8221; use_background_color_gradient=&#8221;on&#8221; background_color_gradient_start=&#8221;#ab2421&#8243; background_color_gradient_end=&#8221;#e02b20&#8243; text_orientation=&#8221;center&#8221; background_layout=&#8221;dark&#8221; max_height=&#8221;35px&#8221; custom_margin=&#8221;0px||0px||false|false&#8221; custom_padding=&#8221;0px||0px||false|false&#8221; custom_css_menu_link=&#8221;bottom:25px;&#8221;][\/et_pb_fullwidth_menu][\/et_pb_section][et_pb_section fb_built=&#8221;1&#8243; fullwidth=&#8221;on&#8221; disabled_on=&#8221;on|on|off&#8221; _builder_version=&#8221;4.0.11&#8243; custom_margin=&#8221;0px||0px||false|false&#8221; custom_padding=&#8221;0px||0px||false|false&#8221; custom_css_main_element=&#8221;height:1.5v&#8221; global_module=&#8221;124&#8243; saved_tabs=&#8221;all&#8221;][et_pb_fullwidth_menu menu_id=&#8221;12&#8243; dropdown_menu_bg_color=&#8221;#ab2421&#8243; dropdown_menu_line_color=&#8221;#ab2421&#8243; mobile_menu_bg_color=&#8221;#ab2421&#8243; _builder_version=&#8221;4.6.1&#8243; menu_font=&#8221;|||on|||||&#8221; menu_font_size=&#8221;16px&#8221; menu_line_height=&#8221;0.9em&#8221; use_background_color_gradient=&#8221;on&#8221; background_color_gradient_start=&#8221;#ab2421&#8243; background_color_gradient_end=&#8221;#e02b20&#8243; background_layout=&#8221;dark&#8221; menu_font_size_tablet=&#8221;16px&#8221; menu_font_size_phone=&#8221;15px&#8221; menu_font_size_last_edited=&#8221;on|tablet&#8221;][\/et_pb_fullwidth_menu][\/et_pb_section][et_pb_section fb_built=&#8221;1&#8243; fullwidth=&#8221;on&#8221; custom_padding_last_edited=&#8221;on|phone&#8221; disabled_on=&#8221;off|off|on&#8221; _builder_version=&#8221;3.27.4&#8243; use_background_color_gradient=&#8221;on&#8221; custom_padding_tablet=&#8221;&#8221; custom_padding_phone=&#8221;0px||0px||false|false&#8221; global_module=&#8221;371&#8243; saved_tabs=&#8221;all&#8221;][\/et_pb_section][et_pb_section fb_built=&#8221;1&#8243; custom_padding_last_edited=&#8221;on|phone&#8221; _builder_version=&#8221;3.27.4&#8243; custom_padding=&#8221;0px||0px||false|false&#8221; custom_padding_tablet=&#8221;&#8221; custom_padding_phone=&#8221;||0px||false|false&#8221;][et_pb_row _builder_version=&#8221;3.27.4&#8243; width=&#8221;100%&#8221; max_width=&#8221;90%&#8221; custom_padding=&#8221;||0px|||&#8221; border_width_bottom=&#8221;2px&#8221; border_color_bottom=&#8221;#ab2421&#8243; border_style_bottom=&#8221;dotted&#8221;][et_pb_column type=&#8221;4_4&#8243; _builder_version=&#8221;3.27.4&#8243;][et_pb_post_title meta=&#8221;off&#8221; featured_image=&#8221;off&#8221; _builder_version=&#8221;4.0.11&#8243; title_font=&#8221;Trebuchet|800||on|||||&#8221; title_text_color=&#8221;#ab2421&#8243; title_font_size=&#8221;2em&#8221; title_font_size_tablet=&#8221;2.3em&#8221; title_font_size_phone=&#8221;1.3em&#8221; title_font_size_last_edited=&#8221;on|phone&#8221;][\/et_pb_post_title][\/et_pb_column][\/et_pb_row][\/et_pb_section][et_pb_section fb_built=&#8221;1&#8243; _builder_version=&#8221;4.0.11&#8243; custom_padding=&#8221;7px||0px|||&#8221;][et_pb_row column_structure=&#8221;1_2,1_2&#8243; _builder_version=&#8221;4.0.11&#8243;][et_pb_column type=&#8221;1_2&#8243; _builder_version=&#8221;4.0.11&#8243;][et_pb_text _builder_version=&#8221;4.0.11&#8243;]<\/p>\n<p><strong>Sikl\u00f3s V\u00e1ros \u00d6nkorm\u00e1nyzata<\/strong><\/p>\n<p>Sikl\u00f3s, Kossuth t\u00e9r 1.<\/p>\n<p>+36 72\u00a0579 510, 108-as mell\u00e9k<\/p>\n<p>[\/et_pb_text][et_pb_map address=&#8221;Sikl\u00f3s, Kossuth t\u00e9r 1, 7800 Hungary&#8221; zoom_level=&#8221;11&#8243; address_lat=&#8221;45.851757&#8243; address_lng=&#8221;18.298905&#8243; mouse_wheel=&#8221;off&#8221; _builder_version=&#8221;4.0.11&#8243; box_shadow_style=&#8221;preset3&#8243;][et_pb_map_pin pin_address=&#8221;Sikl\u00f3s, Kossuth t\u00e9r 1, 7800 Hungary&#8221; zoom_level=&#8221;13&#8243; pin_address_lat=&#8221;45.851757&#8243; pin_address_lng=&#8221;18.298905&#8243; _builder_version=&#8221;4.0.11&#8243;][\/et_pb_map_pin][\/et_pb_map][\/et_pb_column][et_pb_column type=&#8221;1_2&#8243; _builder_version=&#8221;4.0.11&#8243;][et_pb_text _builder_version=&#8221;4.0.11&#8243;]<\/p>\n<p><strong>SI-K(H)ER PONT K\u00f6z\u00f6ss\u00e9gi H\u00e1z<\/strong><\/p>\n<p>7800 Sikl\u00f3s, V\u00e1ralja u. 28.<\/p>\n<p>&nbsp;<\/p>\n<p>[\/et_pb_text][et_pb_map address=&#8221;Sikl\u00f3s, V\u00e1ralja u. 28, 7800 Hungary&#8221; zoom_level=&#8221;14&#8243; address_lat=&#8221;45.850821&#8243; address_lng=&#8221;18.294901&#8243; _builder_version=&#8221;4.0.11&#8243; box_shadow_style=&#8221;preset3&#8243;][et_pb_map_pin pin_address=&#8221;Sikl\u00f3s, V\u00e1ralja u. 28, 7800 Hungary&#8221; pin_address_lat=&#8221;45.850821&#8243; pin_address_lng=&#8221;18.294901&#8243; _builder_version=&#8221;4.0.11&#8243;][\/et_pb_map_pin][\/et_pb_map][\/et_pb_column][\/et_pb_row][et_pb_row _builder_version=&#8221;4.0.11&#8243;][et_pb_column type=&#8221;4_4&#8243; _builder_version=&#8221;4.0.11&#8243;][et_pb_text _builder_version=&#8221;4.0.11&#8243;]<\/p>\n<p>Email: <a href=\"mailto:Sajto-BaranyaMegyeiOnkormanyzat@baranya.hu\">Sajto-BaranyaMegyeiOnkormanyzat@baranya.hu<\/a><\/p>\n<p>[\/et_pb_text][\/et_pb_column][\/et_pb_row][\/et_pb_section][et_pb_section fb_built=&#8221;1&#8243; next_background_color=&#8221;#ab2421&#8243; _builder_version=&#8221;3.27.4&#8243; custom_padding=&#8221;0px||0px|||&#8221; bottom_divider_style=&#8221;wave2&#8243; bottom_divider_style_tablet=&#8221;none&#8221; bottom_divider_style_phone=&#8221;none&#8221; bottom_divider_style_last_edited=&#8221;on|phone&#8221;][et_pb_row column_structure=&#8221;1_3,1_3,1_3&#8243; _builder_version=&#8221;4.0.11&#8243; width=&#8221;100%&#8221; max_width=&#8221;100%&#8221; custom_padding=&#8221;3vw||3vw||true|false&#8221;][et_pb_column type=&#8221;1_3&#8243; _builder_version=&#8221;3.27.4&#8243;][\/et_pb_column][et_pb_column type=&#8221;1_3&#8243; _builder_version=&#8221;3.27.4&#8243;][\/et_pb_column][et_pb_column type=&#8221;1_3&#8243; _builder_version=&#8221;3.27.4&#8243;][et_pb_image src=&#8221;http:\/\/varaljasiklos.hu\/wp-content\/uploads\/2019\/09\/infoblokk_web.png&#8221; align=&#8221;right&#8221; _builder_version=&#8221;3.27.4&#8243; width_tablet=&#8221;25%&#8221; width_phone=&#8221;30%&#8221; width_last_edited=&#8221;on|tablet&#8221; custom_css_main_element=&#8221;position:fixed;||right:0;||bottom:0;&#8221;][\/et_pb_image][\/et_pb_column][\/et_pb_row][\/et_pb_section][et_pb_section fb_built=&#8221;1&#8243; custom_padding_last_edited=&#8221;on|tablet&#8221; _builder_version=&#8221;3.27.4&#8243; background_color=&#8221;#ab2421&#8243; custom_margin=&#8221;||0px||false|false&#8221; custom_margin_tablet=&#8221;||5vw||false|false&#8221; custom_margin_phone=&#8221;&#8221; custom_margin_last_edited=&#8221;on|desktop&#8221; custom_padding=&#8221;0px||0px|||&#8221; custom_padding_tablet=&#8221;0px||0px||false|false&#8221; custom_padding_phone=&#8221;0px||0px||false|false&#8221;][et_pb_row _builder_version=&#8221;3.27.4&#8243; custom_padding=&#8221;0px||0px|||&#8221;][et_pb_column type=&#8221;4_4&#8243; _builder_version=&#8221;3.27.4&#8243;][et_pb_text _builder_version=&#8221;4.0.11&#8243; header_2_font=&#8221;Trebuchet||||||||&#8221; header_2_text_align=&#8221;center&#8221; header_2_text_color=&#8221;#FFFFFF&#8221; header_2_font_size=&#8221;1.2em&#8221; header_2_font_size_tablet=&#8221;1.5em&#8221; header_2_font_size_phone=&#8221;1em&#8221; header_2_font_size_last_edited=&#8221;on|tablet&#8221;]<\/p>\n<h2 style=\"text-align: center;\">Powered by: PTI Communications Kft.<\/h2>\n<p>[\/et_pb_text][\/et_pb_column][\/et_pb_row][\/et_pb_section]<\/p>\n","protected":false},"excerpt":{"rendered":"<p>[et_pb_section fb_built=&#8221;1&#8243; fullwidth=&#8221;on&#8221; _builder_version=&#8221;3.27.4&#8243;][et_pb_fullwidth_image src=&#8221;http:\/\/varaljasiklos.hu\/wp-content\/uploads\/2019\/09\/head01.jpg&#8221; _builder_version=&#8221;3.27.4&#8243;][\/et_pb_fullwidth_image][\/et_pb_section][et_pb_section fb_built=&#8221;1&#8243; fullwidth=&#8221;on&#8221; disabled_on=&#8221;on|on|off&#8221; _builder_version=&#8221;4.0.11&#8243; background_color=&#8221;rgba(0,0,0,0)&#8221; custom_margin=&#8221;0px||||false|false&#8221; custom_padding=&#8221;0px||0px||false|false&#8221; custom_css_main_element=&#8221;padding-top:0;&#8221; global_module=&#8221;122&#8243;][et_pb_fullwidth_menu fullwidth_menu=&#8221;off&#8221; _builder_version=&#8221;4.0.11&#8243; menu_font=&#8221;|||on|||||&#8221; menu_font_size=&#8221;0.85em&#8221; menu_letter_spacing=&#8221;2px&#8221; background_enable_color=&#8221;off&#8221; use_background_color_gradient=&#8221;on&#8221; background_color_gradient_start=&#8221;#ab2421&#8243; background_color_gradient_end=&#8221;#e02b20&#8243; text_orientation=&#8221;center&#8221; background_layout=&#8221;dark&#8221; max_height=&#8221;35px&#8221; custom_margin=&#8221;0px||0px||false|false&#8221; custom_padding=&#8221;0px||0px||false|false&#8221; custom_css_menu_link=&#8221;bottom:25px;&#8221;][\/et_pb_fullwidth_menu][\/et_pb_section][et_pb_section fb_built=&#8221;1&#8243; fullwidth=&#8221;on&#8221; disabled_on=&#8221;on|on|off&#8221; _builder_version=&#8221;4.0.11&#8243; custom_margin=&#8221;0px||0px||false|false&#8221; custom_padding=&#8221;0px||0px||false|false&#8221; custom_css_main_element=&#8221;height:1.5v&#8221; global_module=&#8221;124&#8243; saved_tabs=&#8221;all&#8221;][et_pb_fullwidth_menu menu_id=&#8221;12&#8243; dropdown_menu_bg_color=&#8221;#ab2421&#8243; dropdown_menu_line_color=&#8221;#ab2421&#8243; mobile_menu_bg_color=&#8221;#ab2421&#8243; _builder_version=&#8221;4.6.1&#8243; menu_font=&#8221;|||on|||||&#8221; menu_font_size=&#8221;16px&#8221; menu_line_height=&#8221;0.9em&#8221; use_background_color_gradient=&#8221;on&#8221; background_color_gradient_start=&#8221;#ab2421&#8243; background_color_gradient_end=&#8221;#e02b20&#8243; background_layout=&#8221;dark&#8221; menu_font_size_tablet=&#8221;16px&#8221; menu_font_size_phone=&#8221;15px&#8221; menu_font_size_last_edited=&#8221;on|tablet&#8221;][\/et_pb_fullwidth_menu][\/et_pb_section][et_pb_section fb_built=&#8221;1&#8243; [&hellip;]<\/p>\n","protected":false},"author":1,"featured_media":0,"parent":0,"menu_order":0,"comment_status":"closed","ping_status":"closed","template":"page-template-blank.php","meta":{"_et_pb_use_builder":"on","_et_pb_old_content":"","_et_gb_content_width":"","footnotes":""},"class_list":["post-105","page","type-page","status-publish","hentry"],"_links":{"self":[{"href":"https:\/\/varaljasiklos.hu\/index.php\/wp-json\/wp\/v2\/pages\/105","targetHints":{"allow":["GET"]}}],"collection":[{"href":"https:\/\/varaljasiklos.hu\/index.php\/wp-json\/wp\/v2\/pages"}],"about":[{"href":"https:\/\/varaljasiklos.hu\/index.php\/wp-json\/wp\/v2\/types\/page"}],"author":[{"embeddable":true,"href":"https:\/\/varaljasiklos.hu\/index.php\/wp-json\/wp\/v2\/users\/1"}],"replies":[{"embeddable":true,"href":"https:\/\/varaljasiklos.hu\/index.php\/wp-json\/wp\/v2\/comments?post=105"}],"version-history":[{"count":21,"href":"https:\/\/varaljasiklos.hu\/index.php\/wp-json\/wp\/v2\/pages\/105\/revisions"}],"predecessor-version":[{"id":2703,"href":"https:\/\/varaljasiklos.hu\/index.php\/wp-json\/wp\/v2\/pages\/105\/revisions\/2703"}],"wp:attachment":[{"href":"https:\/\/varaljasiklos.hu\/index.php\/wp-json\/wp\/v2\/media?parent=105"}],"curies":[{"name":"wp","href":"https:\/\/api.w.org\/{rel}","templated":true}]}}