{"id":1062,"date":"2020-01-25T06:46:55","date_gmt":"2020-01-25T06:46:55","guid":{"rendered":"http:\/\/varaljasiklos.hu\/?page_id=1062"},"modified":"2020-03-05T12:16:19","modified_gmt":"2020-03-05T12:16:19","slug":"2019-szeptember","status":"publish","type":"page","link":"https:\/\/varaljasiklos.hu\/index.php\/2019-szeptember\/","title":{"rendered":"2019 Szeptember"},"content":{"rendered":"<p>[et_pb_section fb_built=&#8221;1&#8243; fullwidth=&#8221;on&#8221; _builder_version=&#8221;3.27.4&#8243;][et_pb_fullwidth_image src=&#8221;http:\/\/varaljasiklos.hu\/wp-content\/uploads\/2019\/09\/head01.jpg&#8221; _builder_version=&#8221;3.27.4&#8243;][\/et_pb_fullwidth_image][\/et_pb_section][et_pb_section fb_built=&#8221;1&#8243; fullwidth=&#8221;on&#8221; disabled_on=&#8221;on|on|off&#8221; _builder_version=&#8221;4.0.11&#8243; background_color=&#8221;rgba(0,0,0,0)&#8221; custom_margin=&#8221;0px||||false|false&#8221; custom_padding=&#8221;0px||0px||false|false&#8221; custom_css_main_element=&#8221;padding-top:0;&#8221; global_module=&#8221;122&#8243;][et_pb_fullwidth_menu fullwidth_menu=&#8221;off&#8221; _builder_version=&#8221;4.0.11&#8243; menu_font=&#8221;|||on|||||&#8221; menu_font_size=&#8221;0.85em&#8221; menu_letter_spacing=&#8221;2px&#8221; background_enable_color=&#8221;off&#8221; use_background_color_gradient=&#8221;on&#8221; background_color_gradient_start=&#8221;#ab2421&#8243; background_color_gradient_end=&#8221;#e02b20&#8243; text_orientation=&#8221;center&#8221; background_layout=&#8221;dark&#8221; max_height=&#8221;35px&#8221; custom_margin=&#8221;0px||0px||false|false&#8221; custom_padding=&#8221;0px||0px||false|false&#8221; custom_css_menu_link=&#8221;bottom:25px;&#8221;][\/et_pb_fullwidth_menu][\/et_pb_section][et_pb_section fb_built=&#8221;1&#8243; fullwidth=&#8221;on&#8221; disabled_on=&#8221;on|on|off&#8221; _builder_version=&#8221;4.0.11&#8243; custom_margin=&#8221;0px||0px||false|false&#8221; custom_padding=&#8221;0px||0px||false|false&#8221; custom_css_main_element=&#8221;height:1.5v&#8221; global_module=&#8221;124&#8243;][et_pb_fullwidth_menu menu_id=&#8221;10&#8243; fullwidth_menu=&#8221;off&#8221; dropdown_menu_bg_color=&#8221;#ab2421&#8243; dropdown_menu_text_color=&#8221;#ffffff&#8221; mobile_menu_text_color=&#8221;#ab2421&#8243; _builder_version=&#8221;4.0.11&#8243; menu_font=&#8221;|||on|||||&#8221; menu_font_size=&#8221;0.85em&#8221; menu_letter_spacing=&#8221;2px&#8221; background_enable_color=&#8221;off&#8221; use_background_color_gradient=&#8221;on&#8221; background_color_gradient_start=&#8221;#e02b20&#8243; background_color_gradient_end=&#8221;#ab2421&#8243; text_orientation=&#8221;center&#8221; background_layout=&#8221;dark&#8221; max_height=&#8221;35px&#8221; custom_margin=&#8221;0px||0px||false|false&#8221; custom_padding=&#8221;0px||0px||false|false&#8221; custom_css_menu_link=&#8221;bottom:25px;&#8221;][\/et_pb_fullwidth_menu][\/et_pb_section][et_pb_section fb_built=&#8221;1&#8243; fullwidth=&#8221;on&#8221; custom_padding_last_edited=&#8221;on|phone&#8221; disabled_on=&#8221;off|off|on&#8221; _builder_version=&#8221;3.27.4&#8243; use_background_color_gradient=&#8221;on&#8221; custom_padding_tablet=&#8221;&#8221; custom_padding_phone=&#8221;0px||0px||false|false&#8221; global_module=&#8221;371&#8243; saved_tabs=&#8221;all&#8221;][et_pb_fullwidth_menu menu_id=&#8221;12&#8243; dropdown_menu_bg_color=&#8221;#ab2421&#8243; dropdown_menu_line_color=&#8221;#ab2421&#8243; mobile_menu_bg_color=&#8221;#ab2421&#8243; _builder_version=&#8221;4.0.11&#8243; menu_font=&#8221;|||on|||||&#8221; menu_font_size=&#8221;16px&#8221; menu_line_height=&#8221;0.9em&#8221; use_background_color_gradient=&#8221;on&#8221; background_color_gradient_start=&#8221;#ab2421&#8243; background_color_gradient_end=&#8221;#e02b20&#8243; background_layout=&#8221;dark&#8221; menu_font_size_tablet=&#8221;16px&#8221; menu_font_size_phone=&#8221;15px&#8221; menu_font_size_last_edited=&#8221;on|tablet&#8221;][\/et_pb_fullwidth_menu][\/et_pb_section][et_pb_section fb_built=&#8221;1&#8243; custom_padding_last_edited=&#8221;on|phone&#8221; _builder_version=&#8221;3.27.4&#8243; custom_padding=&#8221;0px||13px||false|false&#8221; custom_padding_tablet=&#8221;&#8221; custom_padding_phone=&#8221;&#8221;][et_pb_row _builder_version=&#8221;4.0.11&#8243; width=&#8221;100%&#8221; max_width=&#8221;90%&#8221; custom_padding=&#8221;||0px|||&#8221; border_color_bottom=&#8221;#ab2421&#8243; border_style_bottom=&#8221;dotted&#8221;][et_pb_column type=&#8221;4_4&#8243; _builder_version=&#8221;3.27.4&#8243;][et_pb_blurb title=&#8221;FOT\u00d3GAL\u00c9RIA&#8221; url=&#8221;http:\/\/varaljasiklos.hu\/index.php\/galeria\/&#8221; use_icon=&#8221;on&#8221; font_icon=&#8221;%%237%%&#8221; icon_color=&#8221;#ab2421&#8243; icon_placement=&#8221;left&#8221; content_max_width=&#8221;90%&#8221; use_icon_font_size=&#8221;on&#8221; icon_font_size=&#8221;25px&#8221; _builder_version=&#8221;4.0.11&#8243; header_font=&#8221;|800||on|||||&#8221; header_text_align=&#8221;left&#8221; header_text_color=&#8221;#ab2421&#8243; header_font_size=&#8221;1.3em&#8221; link_option_url=&#8221;http:\/\/varaljasiklos.hu\/index.php\/galeria\/&#8221;][\/et_pb_blurb][\/et_pb_column][\/et_pb_row][\/et_pb_section][et_pb_section fb_built=&#8221;1&#8243; custom_padding_last_edited=&#8221;on|phone&#8221; _builder_version=&#8221;3.27.4&#8243; custom_padding=&#8221;0px||13px||false|false&#8221; custom_padding_tablet=&#8221;&#8221; custom_padding_phone=&#8221;&#8221;][et_pb_row _builder_version=&#8221;3.27.4&#8243; width=&#8221;100%&#8221; max_width=&#8221;90%&#8221; custom_padding=&#8221;||0px|||&#8221; border_width_bottom=&#8221;2px&#8221; border_color_bottom=&#8221;#ab2421&#8243; border_style_bottom=&#8221;dotted&#8221;][et_pb_column type=&#8221;4_4&#8243; _builder_version=&#8221;3.27.4&#8243;][et_pb_post_title meta=&#8221;off&#8221; featured_image=&#8221;off&#8221; _builder_version=&#8221;4.0.11&#8243; title_font=&#8221;Trebuchet|800||on|||||&#8221; title_text_color=&#8221;#ab2421&#8243; title_font_size=&#8221;2em&#8221; title_font_size_tablet=&#8221;2.5em&#8221; title_font_size_phone=&#8221;1.5em&#8221; title_font_size_last_edited=&#8221;on|tablet&#8221;][\/et_pb_post_title][\/et_pb_column][\/et_pb_row][\/et_pb_section][et_pb_section fb_built=&#8221;1&#8243; disabled_on=&#8221;on|on|off&#8221; module_id=&#8221;one&#8221; _builder_version=&#8221;4.0.11&#8243; custom_padding=&#8221;0px||4px|||&#8221; hover_enabled=&#8221;0&#8243;][et_pb_row _builder_version=&#8221;4.0.11&#8243; custom_padding=&#8221;0px||0px||false|false&#8221;][et_pb_column type=&#8221;4_4&#8243; _builder_version=&#8221;3.27.4&#8243;][et_pb_text _builder_version=&#8221;4.0.11&#8243; header_font=&#8221;|600||on|||||&#8221; header_text_color=&#8221;#d8b46a&#8221;]<\/p>\n<h1>Nyitott Udvar &#8211; 2019.09.05.<\/h1>\n<p>[\/et_pb_text][et_pb_gallery gallery_ids=&#8221;1353,1354,1355,1356,1357,1351,1352&#8243; posts_number=&#8221;7&#8243; show_title_and_caption=&#8221;off&#8221; show_pagination=&#8221;off&#8221; zoom_icon_color=&#8221;#FFFFFF&#8221; hover_overlay_color=&#8221;rgba(0,0,0,0.34)&#8221; hover_icon=&#8221;%%52%%&#8221; _builder_version=&#8221;4.0.11&#8243; custom_margin=&#8221;||0px||false|false&#8221; custom_padding=&#8221;||0px||false|false&#8221; border_radii_image=&#8221;on|5px|5px|5px|5px&#8221; box_shadow_style_image=&#8221;preset3&#8243; child_filter_saturate__hover_enabled=&#8221;on|hover&#8221; child_filter_saturate__hover=&#8221;100%&#8221;][\/et_pb_gallery][\/et_pb_column][\/et_pb_row][et_pb_row _builder_version=&#8221;4.0.11&#8243;][et_pb_column type=&#8221;4_4&#8243; _builder_version=&#8221;4.0.11&#8243;][et_pb_divider _builder_version=&#8221;4.0.11&#8243;][\/et_pb_divider][\/et_pb_column][\/et_pb_row][\/et_pb_section][et_pb_section fb_built=&#8221;1&#8243; disabled_on=&#8221;on|on|off&#8221; module_id=&#8221;two&#8221; _builder_version=&#8221;4.0.11&#8243; custom_padding=&#8221;0px||4px|||&#8221; hover_enabled=&#8221;0&#8243;][et_pb_row _builder_version=&#8221;4.0.11&#8243; custom_padding=&#8221;0px||0px||false|false&#8221;][et_pb_column type=&#8221;4_4&#8243; _builder_version=&#8221;3.27.4&#8243;][et_pb_text _builder_version=&#8221;4.0.11&#8243; header_font=&#8221;|600||on|||||&#8221; header_text_color=&#8221;#d8b46a&#8221;]<\/p>\n<h1>SZ\u00dcL\u0150K AKAD\u00c9MI\u00c1JA &#8211; 2019.09.05.<\/h1>\n<p>[\/et_pb_text][et_pb_gallery gallery_ids=&#8221;1360,1361,1362,1363,1364,1365,1366,1367&#8243; posts_number=&#8221;8&#8243; show_title_and_caption=&#8221;off&#8221; show_pagination=&#8221;off&#8221; zoom_icon_color=&#8221;#FFFFFF&#8221; hover_overlay_color=&#8221;rgba(0,0,0,0.34)&#8221; hover_icon=&#8221;%%52%%&#8221; _builder_version=&#8221;4.0.11&#8243; custom_margin=&#8221;||0px||false|false&#8221; custom_padding=&#8221;||0px||false|false&#8221; border_radii_image=&#8221;on|5px|5px|5px|5px&#8221; box_shadow_style_image=&#8221;preset3&#8243; child_filter_saturate__hover_enabled=&#8221;on|hover&#8221; child_filter_saturate__hover=&#8221;100%&#8221;][\/et_pb_gallery][\/et_pb_column][\/et_pb_row][et_pb_row _builder_version=&#8221;4.0.11&#8243;][et_pb_column type=&#8221;4_4&#8243; _builder_version=&#8221;4.0.11&#8243;][et_pb_divider _builder_version=&#8221;4.0.11&#8243;][\/et_pb_divider][\/et_pb_column][\/et_pb_row][\/et_pb_section][et_pb_section fb_built=&#8221;1&#8243; disabled_on=&#8221;on|on|off&#8221; module_id=&#8221;three&#8221; _builder_version=&#8221;4.0.11&#8243; custom_padding=&#8221;0px||4px|||&#8221; hover_enabled=&#8221;0&#8243;][et_pb_row _builder_version=&#8221;4.0.11&#8243; custom_padding=&#8221;0px||0px||false|false&#8221;][et_pb_column type=&#8221;4_4&#8243; _builder_version=&#8221;3.27.4&#8243;][et_pb_text _builder_version=&#8221;4.0.11&#8243; header_font=&#8221;|600||on|||||&#8221; header_text_color=&#8221;#d8b46a&#8221;]<\/p>\n<h1>SPORTNAP- 2019.09.12.<\/h1>\n<p>[\/et_pb_text][et_pb_gallery gallery_ids=&#8221;1368,1369,1370,1372,1373,1374,1375,1376,1371&#8243; posts_number=&#8221;9&#8243; show_title_and_caption=&#8221;off&#8221; show_pagination=&#8221;off&#8221; zoom_icon_color=&#8221;#FFFFFF&#8221; hover_overlay_color=&#8221;rgba(0,0,0,0.34)&#8221; hover_icon=&#8221;%%52%%&#8221; _builder_version=&#8221;4.0.11&#8243; custom_margin=&#8221;||0px||false|false&#8221; custom_padding=&#8221;||0px||false|false&#8221; border_radii_image=&#8221;on|5px|5px|5px|5px&#8221; box_shadow_style_image=&#8221;preset3&#8243; child_filter_saturate__hover_enabled=&#8221;on|hover&#8221; child_filter_saturate__hover=&#8221;100%&#8221;][\/et_pb_gallery][\/et_pb_column][\/et_pb_row][et_pb_row _builder_version=&#8221;4.0.11&#8243;][et_pb_column type=&#8221;4_4&#8243; _builder_version=&#8221;4.0.11&#8243;][et_pb_divider _builder_version=&#8221;4.0.11&#8243;][\/et_pb_divider][\/et_pb_column][\/et_pb_row][\/et_pb_section][et_pb_section fb_built=&#8221;1&#8243; disabled_on=&#8221;on|on|off&#8221; module_id=&#8221;four&#8221; _builder_version=&#8221;4.0.11&#8243; custom_padding=&#8221;0px||4px|||&#8221; hover_enabled=&#8221;0&#8243;][et_pb_row _builder_version=&#8221;4.0.11&#8243; custom_padding=&#8221;0px||0px||false|false&#8221;][et_pb_column type=&#8221;4_4&#8243; _builder_version=&#8221;3.27.4&#8243;][et_pb_text _builder_version=&#8221;4.0.11&#8243; header_font=&#8221;|600||on|||||&#8221; header_text_color=&#8221;#d8b46a&#8221;]<\/p>\n<h1>\u00c9RZ\u00c9KENY\u00cdT\u0150 TR\u00c9NING- 2019.09.24.<\/h1>\n<p>[\/et_pb_text][et_pb_gallery gallery_ids=&#8221;1379,1380,1381,1382,1383,1384,1385,1386&#8243; posts_number=&#8221;8&#8243; show_title_and_caption=&#8221;off&#8221; show_pagination=&#8221;off&#8221; zoom_icon_color=&#8221;#FFFFFF&#8221; hover_overlay_color=&#8221;rgba(0,0,0,0.34)&#8221; hover_icon=&#8221;%%52%%&#8221; _builder_version=&#8221;4.0.11&#8243; custom_margin=&#8221;||0px||false|false&#8221; custom_padding=&#8221;||0px||false|false&#8221; border_radii_image=&#8221;on|5px|5px|5px|5px&#8221; box_shadow_style_image=&#8221;preset3&#8243; child_filter_saturate__hover_enabled=&#8221;on|hover&#8221; child_filter_saturate__hover=&#8221;100%&#8221;][\/et_pb_gallery][\/et_pb_column][\/et_pb_row][et_pb_row _builder_version=&#8221;4.0.11&#8243;][et_pb_column type=&#8221;4_4&#8243; _builder_version=&#8221;4.0.11&#8243;][et_pb_divider _builder_version=&#8221;4.0.11&#8243;][\/et_pb_divider][\/et_pb_column][\/et_pb_row][\/et_pb_section][et_pb_section fb_built=&#8221;1&#8243; disabled_on=&#8221;on|on|off&#8221; admin_label=&#8221;Vir\u00e1gz\u00f3V\u00e1ralja24&#8243; module_id=&#8221;five&#8221; _builder_version=&#8221;4.0.11&#8243; custom_padding=&#8221;0px||4px|||&#8221; hover_enabled=&#8221;0&#8243; collapsed=&#8221;on&#8221;][et_pb_row _builder_version=&#8221;4.0.11&#8243; custom_padding=&#8221;0px||0px||false|false&#8221;][et_pb_column type=&#8221;4_4&#8243; _builder_version=&#8221;3.27.4&#8243;][et_pb_text _builder_version=&#8221;4.0.11&#8243; header_font=&#8221;|600||on|||||&#8221; header_text_color=&#8221;#d8b46a&#8221;]<\/p>\n<h1>VIR\u00c1GZ\u00d3 V\u00c1RALJA- 2019.09.24.<\/h1>\n<p>[\/et_pb_text][et_pb_gallery gallery_ids=&#8221;1404,1405,1406,1408,1409,1410,1411,1412,1413,1414,1403,1407&#8243; posts_number=&#8221;12&#8243; show_title_and_caption=&#8221;off&#8221; show_pagination=&#8221;off&#8221; zoom_icon_color=&#8221;#FFFFFF&#8221; hover_overlay_color=&#8221;rgba(0,0,0,0.34)&#8221; hover_icon=&#8221;%%52%%&#8221; _builder_version=&#8221;4.0.11&#8243; custom_margin=&#8221;||0px||false|false&#8221; custom_padding=&#8221;||0px||false|false&#8221; border_radii_image=&#8221;on|5px|5px|5px|5px&#8221; box_shadow_style_image=&#8221;preset3&#8243; child_filter_saturate__hover_enabled=&#8221;on|hover&#8221; child_filter_saturate__hover=&#8221;100%&#8221;][\/et_pb_gallery][\/et_pb_column][\/et_pb_row][et_pb_row _builder_version=&#8221;4.0.11&#8243;][et_pb_column type=&#8221;4_4&#8243; _builder_version=&#8221;4.0.11&#8243;][et_pb_divider _builder_version=&#8221;4.0.11&#8243;][\/et_pb_divider][\/et_pb_column][\/et_pb_row][\/et_pb_section][et_pb_section fb_built=&#8221;1&#8243; disabled_on=&#8221;on|on|off&#8221; admin_label=&#8221;JOGYAKORLAT&#8221; module_id=&#8221;six&#8221; _builder_version=&#8221;4.0.11&#8243; custom_padding=&#8221;0px||4px|||&#8221; hover_enabled=&#8221;0&#8243; collapsed=&#8221;on&#8221;][et_pb_row _builder_version=&#8221;4.0.11&#8243; custom_padding=&#8221;0px||0px||false|false&#8221;][et_pb_column type=&#8221;4_4&#8243; _builder_version=&#8221;3.27.4&#8243;][et_pb_text _builder_version=&#8221;4.0.11&#8243; header_font=&#8221;|600||on|||||&#8221; header_text_color=&#8221;#d8b46a&#8221;]<\/p>\n<h1>J\u00d3 GYAKORLAT KIR\u00c1NDUL\u00c1S- 2019.09.25.<\/h1>\n<p>[\/et_pb_text][et_pb_gallery gallery_ids=&#8221;1417,1418,1419,1420,1421,1422,1423,1424,1425,1426&#8243; posts_number=&#8221;10&#8243; show_title_and_caption=&#8221;off&#8221; show_pagination=&#8221;off&#8221; zoom_icon_color=&#8221;#FFFFFF&#8221; hover_overlay_color=&#8221;rgba(0,0,0,0.34)&#8221; hover_icon=&#8221;%%52%%&#8221; _builder_version=&#8221;4.0.11&#8243; custom_margin=&#8221;||0px||false|false&#8221; custom_padding=&#8221;||0px||false|false&#8221; border_radii_image=&#8221;on|5px|5px|5px|5px&#8221; box_shadow_style_image=&#8221;preset3&#8243; child_filter_saturate__hover_enabled=&#8221;on|hover&#8221; child_filter_saturate__hover=&#8221;100%&#8221;][\/et_pb_gallery][\/et_pb_column][\/et_pb_row][et_pb_row _builder_version=&#8221;4.0.11&#8243;][et_pb_column type=&#8221;4_4&#8243; _builder_version=&#8221;4.0.11&#8243;][et_pb_divider _builder_version=&#8221;4.0.11&#8243;][\/et_pb_divider][\/et_pb_column][\/et_pb_row][\/et_pb_section][et_pb_section fb_built=&#8221;1&#8243; disabled_on=&#8221;on|on|off&#8221; admin_label=&#8221;ROMAPAGE25&#8243; module_id=&#8221;seven&#8221; _builder_version=&#8221;4.0.11&#8243; custom_padding=&#8221;0px||4px|||&#8221; hover_enabled=&#8221;0&#8243; collapsed=&#8221;on&#8221;][et_pb_row _builder_version=&#8221;4.0.11&#8243; custom_padding=&#8221;0px||0px||false|false&#8221;][et_pb_column type=&#8221;4_4&#8243; _builder_version=&#8221;3.27.4&#8243;][et_pb_text _builder_version=&#8221;4.0.11&#8243; header_font=&#8221;|600||on|||||&#8221; header_text_color=&#8221;#d8b46a&#8221;]<\/p>\n<h1>ROMAPAGE- 2019.09.25.<\/h1>\n<p>[\/et_pb_text][et_pb_gallery gallery_ids=&#8221;1430,1431,1432,1434,1435,1436,1437,1429&#8243; posts_number=&#8221;9&#8243; show_title_and_caption=&#8221;off&#8221; show_pagination=&#8221;off&#8221; zoom_icon_color=&#8221;#FFFFFF&#8221; hover_overlay_color=&#8221;rgba(0,0,0,0.34)&#8221; hover_icon=&#8221;%%52%%&#8221; _builder_version=&#8221;4.0.11&#8243; custom_margin=&#8221;||0px||false|false&#8221; custom_padding=&#8221;||0px||false|false&#8221; border_radii_image=&#8221;on|5px|5px|5px|5px&#8221; box_shadow_style_image=&#8221;preset3&#8243; child_filter_saturate__hover_enabled=&#8221;on|hover&#8221; child_filter_saturate__hover=&#8221;100%&#8221;][\/et_pb_gallery][\/et_pb_column][\/et_pb_row][et_pb_row _builder_version=&#8221;4.0.11&#8243;][et_pb_column type=&#8221;4_4&#8243; _builder_version=&#8221;4.0.11&#8243;][et_pb_divider _builder_version=&#8221;4.0.11&#8243;][\/et_pb_divider][\/et_pb_column][\/et_pb_row][\/et_pb_section][et_pb_section fb_built=&#8221;1&#8243; disabled_on=&#8221;on|on|off&#8221; admin_label=&#8221;EG\u00c9SZS\u00c9G\u00dcGYIFELM\u00c9R\u00c9S&#8221; module_id=&#8221;eight&#8221; _builder_version=&#8221;4.0.11&#8243; custom_padding=&#8221;0px||4px|||&#8221; hover_enabled=&#8221;0&#8243; collapsed=&#8221;on&#8221;][et_pb_row _builder_version=&#8221;4.0.11&#8243; custom_padding=&#8221;0px||0px||false|false&#8221;][et_pb_column type=&#8221;4_4&#8243; _builder_version=&#8221;3.27.4&#8243;][et_pb_text _builder_version=&#8221;4.0.11&#8243; header_font=&#8221;|600||on|||||&#8221; header_text_color=&#8221;#d8b46a&#8221;]<\/p>\n<h1>EG\u00c9SZS\u00c9G\u00dcGYI \u00c1LLAPOTFELM\u00c9R\u00c9S &#8211; 2019.09.30.<\/h1>\n<p>[\/et_pb_text][et_pb_gallery gallery_ids=&#8221;1440,1441,1442,1444,1445,1446,1447,1448,1443&#8243; posts_number=&#8221;9&#8243; show_title_and_caption=&#8221;off&#8221; show_pagination=&#8221;off&#8221; zoom_icon_color=&#8221;#FFFFFF&#8221; hover_overlay_color=&#8221;rgba(0,0,0,0.34)&#8221; hover_icon=&#8221;%%52%%&#8221; _builder_version=&#8221;4.0.11&#8243; custom_margin=&#8221;||0px||false|false&#8221; custom_padding=&#8221;||0px||false|false&#8221; border_radii_image=&#8221;on|5px|5px|5px|5px&#8221; box_shadow_style_image=&#8221;preset3&#8243; child_filter_saturate__hover_enabled=&#8221;on|hover&#8221; child_filter_saturate__hover=&#8221;100%&#8221;][\/et_pb_gallery][\/et_pb_column][\/et_pb_row][et_pb_row _builder_version=&#8221;4.0.11&#8243;][et_pb_column type=&#8221;4_4&#8243; _builder_version=&#8221;4.0.11&#8243;][et_pb_divider _builder_version=&#8221;4.0.11&#8243;][\/et_pb_divider][\/et_pb_column][\/et_pb_row][\/et_pb_section][et_pb_section fb_built=&#8221;1&#8243; disabled_on=&#8221;on|on|off&#8221; admin_label=&#8221;EG\u00c9SZS\u00c9G\u00dcGYIFELM\u00c9R\u00c9S&#8221; module_id=&#8221;nine&#8221; _builder_version=&#8221;4.0.11&#8243; custom_margin=&#8221;||5vw||false|false&#8221; custom_padding=&#8221;0px||4px|||&#8221; hover_enabled=&#8221;0&#8243; collapsed=&#8221;on&#8221;][et_pb_row _builder_version=&#8221;4.0.11&#8243; custom_padding=&#8221;0px||0px||false|false&#8221;][et_pb_column type=&#8221;4_4&#8243; _builder_version=&#8221;3.27.4&#8243;][et_pb_text _builder_version=&#8221;4.0.11&#8243; header_font=&#8221;|600||on|||||&#8221; header_text_color=&#8221;#d8b46a&#8221;]<\/p>\n<h1>ROMAPAGE &#8211; <em>KI\u00c1LL\u00cdT\u00c1S<\/em> &#8211; 2019.09.30.<\/h1>\n<p>[\/et_pb_text][et_pb_gallery gallery_ids=&#8221;1451,1452,1453,1454,1455,1456,1457,1458&#8243; posts_number=&#8221;8&#8243; show_title_and_caption=&#8221;off&#8221; show_pagination=&#8221;off&#8221; zoom_icon_color=&#8221;#FFFFFF&#8221; hover_overlay_color=&#8221;rgba(0,0,0,0.34)&#8221; hover_icon=&#8221;%%52%%&#8221; _builder_version=&#8221;4.0.11&#8243; custom_margin=&#8221;||0px||false|false&#8221; custom_padding=&#8221;||0px||false|false&#8221; border_radii_image=&#8221;on|5px|5px|5px|5px&#8221; box_shadow_style_image=&#8221;preset3&#8243; child_filter_saturate__hover_enabled=&#8221;on|hover&#8221; child_filter_saturate__hover=&#8221;100%&#8221;][\/et_pb_gallery][\/et_pb_column][\/et_pb_row][\/et_pb_section][et_pb_section fb_built=&#8221;1&#8243; next_background_color=&#8221;#ab2421&#8243; _builder_version=&#8221;3.27.4&#8243; custom_padding=&#8221;0px||0px|||&#8221; bottom_divider_style=&#8221;wave2&#8243; bottom_divider_style_tablet=&#8221;none&#8221; bottom_divider_style_phone=&#8221;&#8221; bottom_divider_style_last_edited=&#8221;on|phone&#8221;][et_pb_row column_structure=&#8221;1_3,1_3,1_3&#8243; _builder_version=&#8221;3.27.4&#8243; width=&#8221;100%&#8221; max_width=&#8221;100%&#8221; custom_padding=&#8221;||0px|||&#8221;][et_pb_column type=&#8221;1_3&#8243; _builder_version=&#8221;3.27.4&#8243;][\/et_pb_column][et_pb_column type=&#8221;1_3&#8243; _builder_version=&#8221;3.27.4&#8243;][\/et_pb_column][et_pb_column type=&#8221;1_3&#8243; _builder_version=&#8221;3.27.4&#8243;][et_pb_image src=&#8221;http:\/\/varaljasiklos.hu\/wp-content\/uploads\/2019\/09\/infoblokk_web.png&#8221; align=&#8221;right&#8221; _builder_version=&#8221;3.27.4&#8243; width_tablet=&#8221;25%&#8221; width_phone=&#8221;30%&#8221; width_last_edited=&#8221;on|tablet&#8221; max_width_tablet=&#8221;25%&#8221; max_width_phone=&#8221;30%&#8221; max_width_last_edited=&#8221;on|tablet&#8221; custom_css_main_element=&#8221;position:fixed;||right:0;||bottom:0;&#8221;][\/et_pb_image][\/et_pb_column][\/et_pb_row][\/et_pb_section][et_pb_section fb_built=&#8221;1&#8243; custom_padding_last_edited=&#8221;on|phone&#8221; _builder_version=&#8221;4.0.11&#8243; background_color=&#8221;#ab2421&#8243; custom_margin=&#8221;0px||0px||false|false&#8221; custom_margin_tablet=&#8221;||5vw||false|false&#8221; custom_margin_phone=&#8221;||5vw||false|false&#8221; custom_margin_last_edited=&#8221;on|desktop&#8221; custom_padding=&#8221;0px||0px||false|false&#8221; custom_padding_tablet=&#8221;||0px||false|false&#8221; custom_padding_phone=&#8221;0px||0px||true|false&#8221;][et_pb_row _builder_version=&#8221;3.27.4&#8243; custom_padding=&#8221;0px||0px|||&#8221;][et_pb_column type=&#8221;4_4&#8243; _builder_version=&#8221;3.27.4&#8243;][et_pb_text _builder_version=&#8221;4.0.11&#8243; header_2_font=&#8221;Trebuchet||||||||&#8221; header_2_text_align=&#8221;center&#8221; header_2_text_color=&#8221;#FFFFFF&#8221; header_2_font_size=&#8221;1.2em&#8221; header_2_font_size_tablet=&#8221;1.5em&#8221; header_2_font_size_phone=&#8221;1em&#8221; header_2_font_size_last_edited=&#8221;on|phone&#8221;]<\/p>\n<h2 style=\"text-align: center;\">Powered by: PTI Communications Kft.<\/h2>\n<p>[\/et_pb_text][\/et_pb_column][\/et_pb_row][\/et_pb_section]<\/p>\n","protected":false},"excerpt":{"rendered":"<p>[et_pb_section fb_built=&#8221;1&#8243; fullwidth=&#8221;on&#8221; _builder_version=&#8221;3.27.4&#8243;][et_pb_fullwidth_image src=&#8221;http:\/\/varaljasiklos.hu\/wp-content\/uploads\/2019\/09\/head01.jpg&#8221; _builder_version=&#8221;3.27.4&#8243;][\/et_pb_fullwidth_image][\/et_pb_section][et_pb_section fb_built=&#8221;1&#8243; fullwidth=&#8221;on&#8221; disabled_on=&#8221;on|on|off&#8221; _builder_version=&#8221;4.0.11&#8243; background_color=&#8221;rgba(0,0,0,0)&#8221; custom_margin=&#8221;0px||||false|false&#8221; custom_padding=&#8221;0px||0px||false|false&#8221; custom_css_main_element=&#8221;padding-top:0;&#8221; global_module=&#8221;122&#8243;][et_pb_fullwidth_menu fullwidth_menu=&#8221;off&#8221; _builder_version=&#8221;4.0.11&#8243; menu_font=&#8221;|||on|||||&#8221; menu_font_size=&#8221;0.85em&#8221; menu_letter_spacing=&#8221;2px&#8221; background_enable_color=&#8221;off&#8221; use_background_color_gradient=&#8221;on&#8221; background_color_gradient_start=&#8221;#ab2421&#8243; background_color_gradient_end=&#8221;#e02b20&#8243; text_orientation=&#8221;center&#8221; background_layout=&#8221;dark&#8221; max_height=&#8221;35px&#8221; custom_margin=&#8221;0px||0px||false|false&#8221; custom_padding=&#8221;0px||0px||false|false&#8221; custom_css_menu_link=&#8221;bottom:25px;&#8221;][\/et_pb_fullwidth_menu][\/et_pb_section][et_pb_section fb_built=&#8221;1&#8243; fullwidth=&#8221;on&#8221; disabled_on=&#8221;on|on|off&#8221; _builder_version=&#8221;4.0.11&#8243; custom_margin=&#8221;0px||0px||false|false&#8221; custom_padding=&#8221;0px||0px||false|false&#8221; custom_css_main_element=&#8221;height:1.5v&#8221; global_module=&#8221;124&#8243;][et_pb_fullwidth_menu menu_id=&#8221;10&#8243; fullwidth_menu=&#8221;off&#8221; dropdown_menu_bg_color=&#8221;#ab2421&#8243; dropdown_menu_text_color=&#8221;#ffffff&#8221; mobile_menu_text_color=&#8221;#ab2421&#8243; _builder_version=&#8221;4.0.11&#8243; menu_font=&#8221;|||on|||||&#8221; menu_font_size=&#8221;0.85em&#8221; menu_letter_spacing=&#8221;2px&#8221; background_enable_color=&#8221;off&#8221; use_background_color_gradient=&#8221;on&#8221; background_color_gradient_start=&#8221;#e02b20&#8243; background_color_gradient_end=&#8221;#ab2421&#8243; text_orientation=&#8221;center&#8221; background_layout=&#8221;dark&#8221; max_height=&#8221;35px&#8221; custom_margin=&#8221;0px||0px||false|false&#8221; [&hellip;]<\/p>\n","protected":false},"author":1,"featured_media":0,"parent":0,"menu_order":0,"comment_status":"closed","ping_status":"closed","template":"page-template-blank.php","meta":{"_et_pb_use_builder":"on","_et_pb_old_content":"","_et_gb_content_width":"","footnotes":""},"class_list":["post-1062","page","type-page","status-publish","hentry"],"_links":{"self":[{"href":"https:\/\/varaljasiklos.hu\/index.php\/wp-json\/wp\/v2\/pages\/1062","targetHints":{"allow":["GET"]}}],"collection":[{"href":"https:\/\/varaljasiklos.hu\/index.php\/wp-json\/wp\/v2\/pages"}],"about":[{"href":"https:\/\/varaljasiklos.hu\/index.php\/wp-json\/wp\/v2\/types\/page"}],"author":[{"embeddable":true,"href":"https:\/\/varaljasiklos.hu\/index.php\/wp-json\/wp\/v2\/users\/1"}],"replies":[{"embeddable":true,"href":"https:\/\/varaljasiklos.hu\/index.php\/wp-json\/wp\/v2\/comments?post=1062"}],"version-history":[{"count":12,"href":"https:\/\/varaljasiklos.hu\/index.php\/wp-json\/wp\/v2\/pages\/1062\/revisions"}],"predecessor-version":[{"id":2184,"href":"https:\/\/varaljasiklos.hu\/index.php\/wp-json\/wp\/v2\/pages\/1062\/revisions\/2184"}],"wp:attachment":[{"href":"https:\/\/varaljasiklos.hu\/index.php\/wp-json\/wp\/v2\/media?parent=1062"}],"curies":[{"name":"wp","href":"https:\/\/api.w.org\/{rel}","templated":true}]}}