{"id":2295,"date":"2020-07-15T08:40:05","date_gmt":"2020-07-15T08:40:05","guid":{"rendered":"http:\/\/varaljasiklos.hu\/?page_id=2295"},"modified":"2023-10-12T08:19:03","modified_gmt":"2023-10-12T08:19:03","slug":"homepage","status":"publish","type":"page","link":"https:\/\/varaljasiklos.hu\/","title":{"rendered":"Homepage"},"content":{"rendered":"<p>[et_pb_section fb_built=&#8221;1&#8243; fullwidth=&#8221;on&#8221; _builder_version=&#8221;3.27.4&#8243;][et_pb_fullwidth_image src=&#8221;http:\/\/varaljasiklos.hu\/wp-content\/uploads\/2019\/09\/head01.jpg&#8221; _builder_version=&#8221;3.27.4&#8243;][\/et_pb_fullwidth_image][\/et_pb_section][et_pb_section fb_built=&#8221;1&#8243; fullwidth=&#8221;on&#8221; disabled_on=&#8221;on|on|off&#8221; _builder_version=&#8221;4.0.11&#8243; background_color=&#8221;rgba(0,0,0,0)&#8221; custom_margin=&#8221;0px||||false|false&#8221; custom_padding=&#8221;0px||0px||false|false&#8221; custom_css_main_element=&#8221;padding-top:0;&#8221; global_module=&#8221;122&#8243;][et_pb_fullwidth_menu fullwidth_menu=&#8221;off&#8221; _builder_version=&#8221;4.0.11&#8243; menu_font=&#8221;|||on|||||&#8221; menu_font_size=&#8221;0.85em&#8221; menu_letter_spacing=&#8221;2px&#8221; background_enable_color=&#8221;off&#8221; use_background_color_gradient=&#8221;on&#8221; background_color_gradient_start=&#8221;#ab2421&#8243; background_color_gradient_end=&#8221;#e02b20&#8243; text_orientation=&#8221;center&#8221; background_layout=&#8221;dark&#8221; max_height=&#8221;35px&#8221; custom_margin=&#8221;0px||0px||false|false&#8221; custom_padding=&#8221;0px||0px||false|false&#8221; custom_css_menu_link=&#8221;bottom:25px;&#8221;][\/et_pb_fullwidth_menu][\/et_pb_section][et_pb_section fb_built=&#8221;1&#8243; fullwidth=&#8221;on&#8221; disabled_on=&#8221;on|on|off&#8221; _builder_version=&#8221;4.0.11&#8243; custom_margin=&#8221;0px||0px||false|false&#8221; custom_padding=&#8221;0px||0px||false|false&#8221; custom_css_main_element=&#8221;height:1.5v&#8221; global_module=&#8221;124&#8243; saved_tabs=&#8221;all&#8221;][et_pb_fullwidth_menu menu_id=&#8221;12&#8243; dropdown_menu_bg_color=&#8221;#ab2421&#8243; dropdown_menu_line_color=&#8221;#ab2421&#8243; mobile_menu_bg_color=&#8221;#ab2421&#8243; _builder_version=&#8221;4.6.1&#8243; menu_font=&#8221;|||on|||||&#8221; menu_font_size=&#8221;16px&#8221; menu_line_height=&#8221;0.9em&#8221; use_background_color_gradient=&#8221;on&#8221; background_color_gradient_start=&#8221;#ab2421&#8243; background_color_gradient_end=&#8221;#e02b20&#8243; background_layout=&#8221;dark&#8221; menu_font_size_tablet=&#8221;16px&#8221; menu_font_size_phone=&#8221;15px&#8221; menu_font_size_last_edited=&#8221;on|tablet&#8221;][\/et_pb_fullwidth_menu][\/et_pb_section][et_pb_section fb_built=&#8221;1&#8243; admin_label=&#8221;FELH\u00cdV\u00c1S&#8221; _builder_version=&#8221;4.0.11&#8243; custom_margin=&#8221;0px||0px||false|false&#8221; custom_padding=&#8221;2vw||2vw||true|false&#8221; collapsed=&#8221;on&#8221;][\/et_pb_section][et_pb_section fb_built=&#8221;1&#8243; _builder_version=&#8221;4.5.1&#8243; custom_margin=&#8221;1vw||0px||false|false&#8221; custom_padding=&#8221;0px||0vw||false|false&#8221; bottom_divider_style=&#8221;wave2&#8243; bottom_divider_color=&#8221;#ab2421&#8243; bottom_divider_style_tablet=&#8221;none&#8221; bottom_divider_style_phone=&#8221;none&#8221; bottom_divider_style_last_edited=&#8221;on|phone&#8221; collapsed=&#8221;off&#8221;][et_pb_row column_structure=&#8221;1_3,1_3,1_3&#8243; custom_padding_last_edited=&#8221;on|phone&#8221; _builder_version=&#8221;4.4.8&#8243; width=&#8221;95.2%&#8221; max_width=&#8221;100%&#8221; custom_margin=&#8221;0px||0px||false|false&#8221; custom_margin_tablet=&#8221;||0px||false|false&#8221; custom_margin_phone=&#8221;&#8221; custom_margin_last_edited=&#8221;on|tablet&#8221; custom_padding=&#8221;0px||0px||false|false&#8221; custom_padding_tablet=&#8221;||0px||false|false&#8221; custom_padding_phone=&#8221;||0px||false|false&#8221;][et_pb_column type=&#8221;1_3&#8243; _builder_version=&#8221;3.27.4&#8243;][et_pb_text _builder_version=&#8221;4.0.11&#8243; header_2_font=&#8221;|700|||||||&#8221; header_2_text_color=&#8221;#ab2421&#8243; header_2_font_size=&#8221;2em&#8221; min_height=&#8221;68px&#8221; custom_padding=&#8221;1vw||1vw||true|false&#8221;]<\/p>\n<h2 style=\"text-align: center;\">H\u00cdREK<\/h2>\n<p>[\/et_pb_text][et_pb_text _builder_version=&#8221;4.6.1&#8243; header_2_font=&#8221;|700|||||||&#8221; header_2_text_color=&#8221;#ab2421&#8243; header_2_font_size=&#8221;2em&#8221; min_height=&#8221;31px&#8221; custom_margin=&#8221;-56px||-58px|||&#8221; custom_padding=&#8221;0vw||0vw||true|false&#8221;]<\/p>\n<h2 style=\"text-align: center;\"><span size=\"3\" style=\"font-size: medium;\">SZIV\u00c1RV\u00c1NY SZERDA<\/span><\/h2>\n<p style=\"text-align: center;\">\n<p><span size=\"3\" style=\"font-size: medium;\"><\/span><\/p>\n<p style=\"text-align: justify;\"><span style=\"font-size: medium;\"><\/span><\/p>\n<p><span style=\"font-size: medium;\"><\/span><\/p>\n<p><span style=\"font-size: medium;\"><\/span><\/p>\n<p>[\/et_pb_text][et_pb_image src=&#8221;http:\/\/varaljasiklos.hu\/wp-content\/uploads\/2023\/08\/szivarvany-szerda.jpg&#8221; title_text=&#8221;sziv\u00e1rv\u00e1ny szerda&#8221; url=&#8221;http:\/\/varaljasiklos.hu\/wp-content\/uploads\/2023\/08\/szivarvany-szerda.jpg&#8221; _builder_version=&#8221;4.6.1&#8243; _module_preset=&#8221;default&#8221; width=&#8221;97.3%&#8221; min_height=&#8221;408px&#8221; custom_margin=&#8221;23px|54px||||&#8221; custom_padding=&#8221;0px|38px|38px|48px||&#8221;][\/et_pb_image][et_pb_text _builder_version=&#8221;4.6.1&#8243; header_2_font=&#8221;|700|||||||&#8221; header_2_text_color=&#8221;#ab2421&#8243; header_2_font_size=&#8221;2em&#8221; min_height=&#8221;31px&#8221; custom_margin=&#8221;-56px||-58px|||&#8221; custom_padding=&#8221;0vw||0vw||true|false&#8221;]<\/p>\n<h2 style=\"text-align: center;\"><span size=\"3\" style=\"font-size: medium;\">SZOCI\u00c1LIS SEG\u00cdT\u0150 A V\u00c1RALJA UTC\u00c1BAN<\/span><\/h2>\n<p style=\"text-align: center;\">\n<p><span size=\"3\" style=\"font-size: medium;\"><\/span><\/p>\n<p style=\"text-align: justify;\"><span style=\"font-size: medium;\"><\/span><\/p>\n<p><span style=\"font-size: medium;\"><\/span><\/p>\n<p><span style=\"font-size: medium;\"><\/span><\/p>\n<p>[\/et_pb_text][et_pb_text _builder_version=&#8221;4.6.1&#8243; header_2_font=&#8221;|700|||||||&#8221; header_2_text_color=&#8221;#ab2421&#8243; header_2_font_size=&#8221;2em&#8221; min_height=&#8221;31px&#8221; custom_margin=&#8221;-56px||-58px|||&#8221; custom_padding=&#8221;0vw||0vw||true|false&#8221; hover_enabled=&#8221;0&#8243; sticky_enabled=&#8221;0&#8243;]<\/p>\n<h2 style=\"text-align: center;\"><span size=\"3\" style=\"font-size: medium;\">SZOCI\u00c1LIS SEG\u00cdT\u0150<\/span><\/h2>\n<p><span size=\"3\" style=\"font-size: medium;\"><\/span><\/p>\n<p>[\/et_pb_text][et_pb_image src=&#8221;http:\/\/varaljasiklos.hu\/wp-content\/uploads\/2023\/10\/Szocialis-segito-a-Varalja-utcaban-1.jpg&#8221; title_text=&#8221;Szoci\u00e1lis seg\u00edt\u0151 a V\u00e1ralja utc\u00e1ban-1&#8243; url=&#8221;http:\/\/varaljasiklos.hu\/wp-content\/uploads\/2023\/10\/Szocialis-segito-a-Varalja-utcaban-1.jpg&#8221; _builder_version=&#8221;4.6.1&#8243; _module_preset=&#8221;default&#8221; width=&#8221;97.3%&#8221; min_height=&#8221;408px&#8221; custom_margin=&#8221;23px|54px||||&#8221; custom_padding=&#8221;0px|38px|38px|48px||&#8221; hover_enabled=&#8221;0&#8243; sticky_enabled=&#8221;0&#8243;][\/et_pb_image][et_pb_text _builder_version=&#8221;4.6.1&#8243; header_2_font=&#8221;|700|||||||&#8221; header_2_text_color=&#8221;#ab2421&#8243; header_2_font_size=&#8221;2em&#8221; min_height=&#8221;31px&#8221; custom_margin=&#8221;-56px||-58px|||&#8221; custom_padding=&#8221;0vw||0vw||true|false&#8221;]<\/p>\n<h2 style=\"text-align: center;\"><span size=\"3\" style=\"font-size: medium;\">SAJT\u00d3K\u00d6ZLEM\u00c9NY<\/span><\/h2>\n<p style=\"text-align: center;\">\n<p><span size=\"3\" style=\"font-size: medium;\"><\/span><\/p>\n<p><span style=\"font-size: medium;\"><\/span><\/p>\n<p><span style=\"font-size: medium;\"><\/span><\/p>\n<p><span style=\"font-size: medium;\"><\/span><\/p>\n<p>[\/et_pb_text][et_pb_image src=&#8221;http:\/\/varaljasiklos.hu\/wp-content\/uploads\/2023\/06\/Sajtokozlemeny_Tarsadalmi-egyuttmukodes-erositese-Sikloson-1.jpg&#8221; title_text=&#8221;Sajt\u00f3k\u00f6zlem\u00e9ny_T\u00e1rsadalmi egy\u00fcttm\u0171k\u00f6d\u00e9s er\u0151s\u00edt\u00e9se Sikl\u00f3son-1&#8243; url=&#8221;http:\/\/varaljasiklos.hu\/wp-content\/uploads\/2023\/06\/Sajtokozlemeny_Tarsadalmi-egyuttmukodes-erositese-Sikloson-1.jpg&#8221; _builder_version=&#8221;4.6.1&#8243; _module_preset=&#8221;default&#8221; width=&#8221;97.3%&#8221; min_height=&#8221;408px&#8221; custom_margin=&#8221;23px|54px||||&#8221; custom_padding=&#8221;0px|38px|38px|48px||&#8221;][\/et_pb_image][et_pb_text _builder_version=&#8221;4.0.11&#8243; header_2_font=&#8221;|700|||||||&#8221; header_2_text_color=&#8221;#ab2421&#8243; header_2_font_size=&#8221;2em&#8221; min_height=&#8221;31px&#8221; custom_margin=&#8221;-56px||-58px|||&#8221; custom_padding=&#8221;0vw||0vw||true|false&#8221;]<\/p>\n<h2 style=\"text-align: center;\"><span style=\"font-size: medium;\">SEG\u00cdT\u0150 MUNKAT\u00c1RSAK A V\u00c1RALJA PROGRAMBAN<\/span><\/h2>\n<p>\u00a0 \u00a0 \u00a0 \u00a0 \u00a0 \u00a0 \u00a0 \u00a0 \u00a0 \u00a0 \u00a0 \u00a0 \u00a0 \u00a0 \u00a0 \u00a0 \u00a0 \u00a0 \u00a0 \u00a0\u00a0<span style=\"font-size: medium;\"><\/span><\/p>\n<p><span style=\"font-size: medium;\"><\/span><\/p>\n<p><span style=\"font-size: medium;\"><\/span><\/p>\n<p>[\/et_pb_text][et_pb_image src=&#8221;http:\/\/varaljasiklos.hu\/wp-content\/uploads\/2022\/11\/Foglalkoztatasi-menedzser-1.jpg&#8221; title_text=&#8221;Foglalkoztat\u00e1si menedzser-1&#8243; url=&#8221;http:\/\/varaljasiklos.hu\/wp-content\/uploads\/2022\/11\/Foglalkoztatasi-menedzser-1.jpg&#8221; _builder_version=&#8221;4.6.1&#8243; _module_preset=&#8221;default&#8221; width=&#8221;97.3%&#8221; min_height=&#8221;408px&#8221; custom_margin=&#8221;23px|54px||||&#8221; custom_padding=&#8221;0px|38px|38px|48px||&#8221;][\/et_pb_image][et_pb_image src=&#8221;http:\/\/varaljasiklos.hu\/wp-content\/uploads\/2022\/11\/Haztartasi-gazdalkodasi-trener-1.jpg&#8221; url=&#8221;http:\/\/varaljasiklos.hu\/wp-content\/uploads\/2022\/11\/Haztartasi-gazdalkodasi-trener-1.jpg&#8221; _builder_version=&#8221;4.6.1&#8243; _module_preset=&#8221;default&#8221; width=&#8221;97.3%&#8221; min_height=&#8221;408px&#8221; custom_margin=&#8221;23px|54px||||&#8221; custom_padding=&#8221;0px|38px|38px|48px||&#8221;][\/et_pb_image][et_pb_image src=&#8221;http:\/\/varaljasiklos.hu\/wp-content\/uploads\/2022\/11\/Koltoztetesi-integracios-munkatars-1.jpg&#8221; title_text=&#8221;K\u00f6lt\u00f6ztet\u00e9si integr\u00e1ci\u00f3s munkat\u00e1rs-1&#8243; url=&#8221;http:\/\/varaljasiklos.hu\/wp-content\/uploads\/2022\/11\/Koltoztetesi-integracios-munkatars-1.jpg&#8221; _builder_version=&#8221;4.6.1&#8243; _module_preset=&#8221;default&#8221; width=&#8221;84.1%&#8221; custom_margin=&#8221;|78px||||&#8221; custom_padding=&#8221;||0px|44px||&#8221;][\/et_pb_image][et_pb_text _builder_version=&#8221;4.6.1&#8243; header_2_font=&#8221;|700|||||||&#8221; header_2_text_color=&#8221;#ab2421&#8243; header_2_font_size=&#8221;2em&#8221; min_height=&#8221;66px&#8221; custom_margin=&#8221;-17px||-3px|||&#8221; custom_padding=&#8221;2vw||2vw||true|false&#8221;]<\/p>\n<h2 style=\"text-align: center;\"><span style=\"font-size: medium;\">MEGKEZD\u0150DTEK A K\u00d6LT\u00d6Z\u00c9SEK!<\/span><\/h2>\n<p>[\/et_pb_text][et_pb_image src=&#8221;http:\/\/varaljasiklos.hu\/wp-content\/uploads\/2022\/11\/Megkezdodtek-a-koltozesek-1.jpg&#8221; title_text=&#8221;Megkezd\u0151dtek a k\u00f6lt\u00f6z\u00e9sek-1&#8243; url=&#8221;http:\/\/varaljasiklos.hu\/wp-content\/uploads\/2022\/11\/Megkezdodtek-a-koltozesek-1.jpg&#8221; _builder_version=&#8221;4.6.1&#8243; _module_preset=&#8221;default&#8221; custom_padding=&#8221;|62px||45px||&#8221;][\/et_pb_image][et_pb_text _builder_version=&#8221;4.6.1&#8243; header_2_font=&#8221;|700|||||||&#8221; header_2_text_color=&#8221;#ab2421&#8243; header_2_font_size=&#8221;2em&#8221; min_height=&#8221;66px&#8221; custom_margin=&#8221;-17px||-3px|||&#8221; custom_padding=&#8221;2vw||2vw||true|false&#8221;]<\/p>\n<h2 style=\"text-align: center;\"><span style=\"font-size: medium;\">VIDE\u00d3K<\/span><\/h2>\n<p>[\/et_pb_text][et_pb_video src=&#8221;https:\/\/www.youtube.com\/watch?v=e3ozHArdK1Q&#8221; _builder_version=&#8221;4.6.1&#8243; _module_preset=&#8221;default&#8221; box_shadow_style=&#8221;preset3&#8243;][\/et_pb_video][et_pb_video src=&#8221;https:\/\/www.youtube.com\/watch?v=yEpcMoPaKn4&#8243; _builder_version=&#8221;4.6.1&#8243; _module_preset=&#8221;default&#8221; box_shadow_style=&#8221;preset3&#8243;][\/et_pb_video][\/et_pb_column][et_pb_column type=&#8221;1_3&#8243; _builder_version=&#8221;4.0.11&#8243; background_color=&#8221;rgba(0,0,0,0)&#8221; border_width_right=&#8221;1px&#8221; border_color_right=&#8221;#ab2421&#8243; border_style_right=&#8221;dotted&#8221; border_width_left=&#8221;1px&#8221; border_color_left=&#8221;#ab2421&#8243; border_style_left=&#8221;dotted&#8221;][et_pb_text _builder_version=&#8221;4.0.11&#8243; header_2_font=&#8221;|700|||||||&#8221; header_2_text_color=&#8221;#ab2421&#8243; header_2_font_size=&#8221;2em&#8221; custom_padding=&#8221;1vw||1vw||true|false&#8221;]<\/p>\n<h2 style=\"text-align: center;\">PROGRAMOK<\/h2>\n<p>[\/et_pb_text][et_pb_image src=&#8221;http:\/\/varaljasiklos.hu\/wp-content\/uploads\/2023\/08\/365896121_6938802272839173_8493395658239083807_n.jpg&#8221; title_text=&#8221;365896121_6938802272839173_8493395658239083807_n&#8221; url=&#8221;http:\/\/varaljasiklos.hu\/wp-content\/uploads\/2023\/08\/365896121_6938802272839173_8493395658239083807_n.jpg&#8221; _builder_version=&#8221;4.6.1&#8243; _module_preset=&#8221;default&#8221; width=&#8221;86%&#8221; custom_margin=&#8221;|88px||||&#8221; custom_padding=&#8221;|||60px||&#8221;][\/et_pb_image][et_pb_slider _builder_version=&#8221;4.6.1&#8243; _module_preset=&#8221;default&#8221; background_color=&#8221;#e02b20&#8243;][et_pb_slide button_link=&#8221;http:\/\/varaljasiklos.hu\/wp-content\/uploads\/2023\/08\/Honlapra_Kozossegfejlesztesi-9-program-1-1.jpg&#8221; image=&#8221;http:\/\/varaljasiklos.hu\/wp-content\/uploads\/2023\/08\/Honlapra_Kozossegfejlesztesi-9-program-1-1.jpg&#8221; _builder_version=&#8221;4.6.1&#8243; _module_preset=&#8221;default&#8221; link_option_url=&#8221;http:\/\/varaljasiklos.hu\/wp-content\/uploads\/2023\/08\/Honlapra_Kozossegfejlesztesi-9-program-1-1.jpg&#8221; sticky_transition=&#8221;on&#8221;][\/et_pb_slide][et_pb_slide image=&#8221;http:\/\/varaljasiklos.hu\/wp-content\/uploads\/2023\/08\/Honlapra_Kozossegfejlesztesi-9-program-2.jpg&#8221; _builder_version=&#8221;4.6.1&#8243; _module_preset=&#8221;default&#8221; link_option_url=&#8221;http:\/\/varaljasiklos.hu\/wp-content\/uploads\/2023\/08\/Honlapra_Kozossegfejlesztesi-9-program-2.jpg&#8221; sticky_transition=&#8221;on&#8221;][\/et_pb_slide][et_pb_slide image=&#8221;http:\/\/varaljasiklos.hu\/wp-content\/uploads\/2023\/08\/Honlapra_Kozossegfejlesztesi-9-program-3.jpg&#8221; _builder_version=&#8221;4.6.1&#8243; _module_preset=&#8221;default&#8221; link_option_url=&#8221;http:\/\/varaljasiklos.hu\/wp-content\/uploads\/2023\/08\/Honlapra_Kozossegfejlesztesi-9-program-3.jpg&#8221; sticky_transition=&#8221;on&#8221;][\/et_pb_slide][\/et_pb_slider][et_pb_image src=&#8221;http:\/\/varaljasiklos.hu\/wp-content\/uploads\/2021\/11\/identitas_es_integracio_programsorozat_meghivo-1.jpg&#8221; title_text=&#8221;identitas_es_integracio_programsorozat_meghivo-1&#8243; url=&#8221;http:\/\/varaljasiklos.hu\/index.php\/kozelgo-programok\/&#8221; _builder_version=&#8221;4.6.1&#8243; _module_preset=&#8221;default&#8221; width=&#8221;83.6%&#8221; min_height=&#8221;327px&#8221; custom_padding=&#8221;|0px||60px||&#8221;][\/et_pb_image][et_pb_image src=&#8221;http:\/\/varaljasiklos.hu\/wp-content\/uploads\/2020\/09\/11_web_szulokakad_plakat_20200924.jpg&#8221; title_text=&#8221;Megh\u00edv\u00f3&#8221; url=&#8221;http:\/\/varaljasiklos.hu\/index.php\/kozelgo-programok\/&#8221; _builder_version=&#8221;4.6.1&#8243; max_width=&#8221;70%&#8221; module_alignment=&#8221;center&#8221;][\/et_pb_image][et_pb_image src=&#8221;http:\/\/varaljasiklos.hu\/wp-content\/uploads\/2020\/09\/10_web_trening_plakat_20200917.jpg&#8221; title_text=&#8221;Megh\u00edv\u00f3&#8221; url=&#8221;http:\/\/varaljasiklos.hu\/index.php\/kozelgo-programok\/&#8221; _builder_version=&#8221;4.6.1&#8243; max_width=&#8221;70%&#8221; module_alignment=&#8221;center&#8221;][\/et_pb_image][et_pb_button button_url=&#8221;http:\/\/varaljasiklos.hu\/index.php\/kozelgo-programok\/&#8221; button_text=&#8221;R\u00e9szletes program&#8230;&#8221; button_alignment=&#8221;center&#8221; _builder_version=&#8221;4.4.8&#8243; custom_button=&#8221;on&#8221; button_text_color=&#8221;#ab2421&#8243; button_border_color=&#8221;#ab2421&#8243; custom_margin=&#8221;||5vw||false|false&#8221;][\/et_pb_button][\/et_pb_column][et_pb_column type=&#8221;1_3&#8243; _builder_version=&#8221;3.27.4&#8243;][et_pb_text _builder_version=&#8221;4.0.11&#8243; header_2_font=&#8221;|700|||||||&#8221; header_2_text_color=&#8221;#ab2421&#8243; header_2_font_size=&#8221;2em&#8221; custom_padding=&#8221;1vw||1vw||true|false&#8221;]<\/p>\n<h2 style=\"text-align: center;\">LEG\u00daJABB GAL\u00c9RI\u00c1K<\/h2>\n<p>[\/et_pb_text][et_pb_blurb title=&#8221;Z\u00f6ld ritmusban &#8211; Integr\u00e1ci\u00f3 \u00e9s fenntarthat\u00f3s\u00e1g &#8211; T\u00e1boroz\u00e1s &#8211; Orf\u0171&#8221; use_icon=&#8221;on&#8221; font_icon=&#8221;%%100%%&#8221; icon_color=&#8221;#ab2421&#8243; icon_placement=&#8221;left&#8221; use_icon_font_size=&#8221;on&#8221; icon_font_size=&#8221;35px&#8221; _builder_version=&#8221;4.6.1&#8243; header_font=&#8221;|700||on|||||&#8221; header_text_color=&#8221;#ab2421&#8243;]<\/p>\n<p>2022. 07. 22 &#8211; 24.\u00a0<\/p>\n<p>[\/et_pb_blurb][et_pb_gallery gallery_ids=&#8221;2725,2724,2726,2727,2729,2730,2733,2734,2735,2732,2731,2740,2739,2738,2737,2736,2741,2744,2743,2745,2746,2747,2748,2749&#8243; gallery_orderby=&#8221;rand&#8221; fullwidth=&#8221;on&#8221; hover_icon=&#8221;%%52%%&#8221; _builder_version=&#8221;4.6.1&#8243; pagination_text_color=&#8221;#ffffff&#8221; background_layout=&#8221;dark&#8221; width=&#8221;75%&#8221; module_alignment=&#8221;center&#8221; box_shadow_style=&#8221;preset3&#8243;][\/et_pb_gallery][et_pb_blurb title=&#8221;\u00c9rz\u00e9keny\u00edt\u0151 tr\u00e9ning&#8221; use_icon=&#8221;on&#8221; font_icon=&#8221;%%100%%&#8221; icon_color=&#8221;#ab2421&#8243; icon_placement=&#8221;left&#8221; use_icon_font_size=&#8221;on&#8221; icon_font_size=&#8221;35px&#8221; _builder_version=&#8221;4.6.1&#8243; header_font=&#8221;|700||on|||||&#8221; header_text_color=&#8221;#ab2421&#8243;]<\/p>\n<p>2020.09.17.<\/p>\n<p>[\/et_pb_blurb][et_pb_gallery gallery_ids=&#8221;2568,2567,2566,2561,2563,2565,2564,2562,2559,2560&#8243; gallery_orderby=&#8221;rand&#8221; fullwidth=&#8221;on&#8221; hover_icon=&#8221;%%52%%&#8221; _builder_version=&#8221;4.6.1&#8243; pagination_text_color=&#8221;#ffffff&#8221; background_layout=&#8221;dark&#8221; width=&#8221;75%&#8221; module_alignment=&#8221;center&#8221; box_shadow_style=&#8221;preset3&#8243;][\/et_pb_gallery][et_pb_blurb title=&#8221;Napraforg\u00f3 Klub&#8221; use_icon=&#8221;on&#8221; font_icon=&#8221;%%100%%&#8221; icon_color=&#8221;#ab2421&#8243; icon_placement=&#8221;left&#8221; use_icon_font_size=&#8221;on&#8221; icon_font_size=&#8221;35px&#8221; _builder_version=&#8221;4.6.1&#8243; header_font=&#8221;|700||on|||||&#8221; header_text_color=&#8221;#ab2421&#8243;]<\/p>\n<p>2020.09.15.<\/p>\n<p>[\/et_pb_blurb][et_pb_gallery gallery_ids=&#8221;2586,2585,2584,2583,2582&#8243; gallery_orderby=&#8221;rand&#8221; fullwidth=&#8221;on&#8221; hover_icon=&#8221;%%52%%&#8221; _builder_version=&#8221;4.6.1&#8243; pagination_text_color=&#8221;#ffffff&#8221; background_layout=&#8221;dark&#8221; width=&#8221;75%&#8221; module_alignment=&#8221;center&#8221; box_shadow_style=&#8221;preset3&#8243;][\/et_pb_gallery][\/et_pb_column][\/et_pb_row][et_pb_row column_structure=&#8221;1_3,1_3,1_3&#8243; _builder_version=&#8221;4.5.1&#8243; _module_preset=&#8221;default&#8221; width=&#8221;100%&#8221; min_height=&#8221;76px&#8221; custom_margin=&#8221;38px|auto||auto||&#8221;][et_pb_column type=&#8221;1_3&#8243; _builder_version=&#8221;4.5.1&#8243; _module_preset=&#8221;default&#8221;][\/et_pb_column][et_pb_column type=&#8221;1_3&#8243; _builder_version=&#8221;4.5.1&#8243; _module_preset=&#8221;default&#8221;][\/et_pb_column][et_pb_column type=&#8221;1_3&#8243; _builder_version=&#8221;4.5.1&#8243; _module_preset=&#8221;default&#8221;][et_pb_image src=&#8221;http:\/\/varaljasiklos.hu\/wp-content\/uploads\/2019\/09\/infoblokk_web.png&#8221; title_text=&#8221;Sz\u00e9chenyi2020&#8243; align=&#8221;right&#8221; _builder_version=&#8221;4.5.1&#8243; _module_preset=&#8221;default&#8221; positioning=&#8221;fixed&#8221; position_origin_f=&#8221;bottom_right&#8221;][\/et_pb_image][\/et_pb_column][\/et_pb_row][\/et_pb_section][et_pb_section fb_built=&#8221;1&#8243; custom_padding_last_edited=&#8221;on|phone&#8221; _builder_version=&#8221;4.4.8&#8243; background_color=&#8221;#ab2421&#8243; custom_margin=&#8221;0vw||0px||false|false&#8221; custom_margin_tablet=&#8221;||5vw||false|false&#8221; custom_margin_phone=&#8221;||5vw||false|false&#8221; custom_margin_last_edited=&#8221;on|desktop&#8221; custom_padding=&#8221;0px||0px|||&#8221; custom_padding_tablet=&#8221;0px||0px||false|false&#8221; custom_padding_phone=&#8221;0px||0px||false|false&#8221;][et_pb_row column_structure=&#8221;1_3,1_3,1_3&#8243; _builder_version=&#8221;4.5.1&#8243; width=&#8221;100%&#8221; custom_padding=&#8221;3px||0px|||&#8221;][et_pb_column type=&#8221;1_3&#8243; _builder_version=&#8221;3.27.4&#8243;][\/et_pb_column][et_pb_column type=&#8221;1_3&#8243; _builder_version=&#8221;3.27.4&#8243;][et_pb_text _builder_version=&#8221;4.4.8&#8243; header_2_font=&#8221;Trebuchet||||||||&#8221; header_2_text_align=&#8221;center&#8221; header_2_text_color=&#8221;#FFFFFF&#8221; header_2_font_size=&#8221;1.2em&#8221; custom_margin=&#8221;||0px||false|false&#8221; custom_padding=&#8221;||0px||false|false&#8221; header_2_font_size_tablet=&#8221;1.5em&#8221; header_2_font_size_phone=&#8221;1em&#8221; header_2_font_size_last_edited=&#8221;on|phone&#8221;]<\/p>\n<h2 style=\"text-align: center;\">Powered by: PTI Communications Kft.<\/h2>\n<p>[\/et_pb_text][\/et_pb_column][et_pb_column type=&#8221;1_3&#8243; _builder_version=&#8221;3.27.4&#8243;][\/et_pb_column][\/et_pb_row][\/et_pb_section]<\/p>\n","protected":false},"excerpt":{"rendered":"<p>[et_pb_section fb_built=&#8221;1&#8243; fullwidth=&#8221;on&#8221; _builder_version=&#8221;3.27.4&#8243;][et_pb_fullwidth_image src=&#8221;http:\/\/varaljasiklos.hu\/wp-content\/uploads\/2019\/09\/head01.jpg&#8221; _builder_version=&#8221;3.27.4&#8243;][\/et_pb_fullwidth_image][\/et_pb_section][et_pb_section fb_built=&#8221;1&#8243; fullwidth=&#8221;on&#8221; disabled_on=&#8221;on|on|off&#8221; _builder_version=&#8221;4.0.11&#8243; background_color=&#8221;rgba(0,0,0,0)&#8221; custom_margin=&#8221;0px||||false|false&#8221; custom_padding=&#8221;0px||0px||false|false&#8221; custom_css_main_element=&#8221;padding-top:0;&#8221; global_module=&#8221;122&#8243;][et_pb_fullwidth_menu fullwidth_menu=&#8221;off&#8221; _builder_version=&#8221;4.0.11&#8243; menu_font=&#8221;|||on|||||&#8221; menu_font_size=&#8221;0.85em&#8221; menu_letter_spacing=&#8221;2px&#8221; background_enable_color=&#8221;off&#8221; use_background_color_gradient=&#8221;on&#8221; background_color_gradient_start=&#8221;#ab2421&#8243; background_color_gradient_end=&#8221;#e02b20&#8243; text_orientation=&#8221;center&#8221; background_layout=&#8221;dark&#8221; max_height=&#8221;35px&#8221; custom_margin=&#8221;0px||0px||false|false&#8221; custom_padding=&#8221;0px||0px||false|false&#8221; custom_css_menu_link=&#8221;bottom:25px;&#8221;][\/et_pb_fullwidth_menu][\/et_pb_section][et_pb_section fb_built=&#8221;1&#8243; fullwidth=&#8221;on&#8221; disabled_on=&#8221;on|on|off&#8221; _builder_version=&#8221;4.0.11&#8243; custom_margin=&#8221;0px||0px||false|false&#8221; custom_padding=&#8221;0px||0px||false|false&#8221; custom_css_main_element=&#8221;height:1.5v&#8221; global_module=&#8221;124&#8243; saved_tabs=&#8221;all&#8221;][et_pb_fullwidth_menu menu_id=&#8221;12&#8243; dropdown_menu_bg_color=&#8221;#ab2421&#8243; dropdown_menu_line_color=&#8221;#ab2421&#8243; mobile_menu_bg_color=&#8221;#ab2421&#8243; _builder_version=&#8221;4.6.1&#8243; menu_font=&#8221;|||on|||||&#8221; menu_font_size=&#8221;16px&#8221; menu_line_height=&#8221;0.9em&#8221; use_background_color_gradient=&#8221;on&#8221; background_color_gradient_start=&#8221;#ab2421&#8243; background_color_gradient_end=&#8221;#e02b20&#8243; background_layout=&#8221;dark&#8221; menu_font_size_tablet=&#8221;16px&#8221; menu_font_size_phone=&#8221;15px&#8221; menu_font_size_last_edited=&#8221;on|tablet&#8221;][\/et_pb_fullwidth_menu][\/et_pb_section][et_pb_section fb_built=&#8221;1&#8243; [&hellip;]<\/p>\n","protected":false},"author":1,"featured_media":0,"parent":0,"menu_order":0,"comment_status":"closed","ping_status":"closed","template":"page-template-blank.php","meta":{"_et_pb_use_builder":"on","_et_pb_old_content":"","_et_gb_content_width":"","footnotes":""},"class_list":["post-2295","page","type-page","status-publish","hentry"],"_links":{"self":[{"href":"https:\/\/varaljasiklos.hu\/index.php\/wp-json\/wp\/v2\/pages\/2295","targetHints":{"allow":["GET"]}}],"collection":[{"href":"https:\/\/varaljasiklos.hu\/index.php\/wp-json\/wp\/v2\/pages"}],"about":[{"href":"https:\/\/varaljasiklos.hu\/index.php\/wp-json\/wp\/v2\/types\/page"}],"author":[{"embeddable":true,"href":"https:\/\/varaljasiklos.hu\/index.php\/wp-json\/wp\/v2\/users\/1"}],"replies":[{"embeddable":true,"href":"https:\/\/varaljasiklos.hu\/index.php\/wp-json\/wp\/v2\/comments?post=2295"}],"version-history":[{"count":51,"href":"https:\/\/varaljasiklos.hu\/index.php\/wp-json\/wp\/v2\/pages\/2295\/revisions"}],"predecessor-version":[{"id":2802,"href":"https:\/\/varaljasiklos.hu\/index.php\/wp-json\/wp\/v2\/pages\/2295\/revisions\/2802"}],"wp:attachment":[{"href":"https:\/\/varaljasiklos.hu\/index.php\/wp-json\/wp\/v2\/media?parent=2295"}],"curies":[{"name":"wp","href":"https:\/\/api.w.org\/{rel}","templated":true}]}}