{"id":43,"date":"2019-09-12T16:54:32","date_gmt":"2019-09-12T16:54:32","guid":{"rendered":"http:\/\/varaljasiklos.hu\/?page_id=43"},"modified":"2022-07-08T08:33:23","modified_gmt":"2022-07-08T08:33:23","slug":"kozossegepito-programok","status":"publish","type":"page","link":"https:\/\/varaljasiklos.hu\/index.php\/kozossegepito-programok\/","title":{"rendered":"K\u00f6z\u00f6ss\u00e9g\u00e9p\u00edt\u0151 programok"},"content":{"rendered":"<p>[et_pb_section fb_built=&#8221;1&#8243; fullwidth=&#8221;on&#8221; _builder_version=&#8221;3.27.4&#8243;][et_pb_fullwidth_image src=&#8221;http:\/\/varaljasiklos.hu\/wp-content\/uploads\/2019\/09\/head01.jpg&#8221; _builder_version=&#8221;3.27.4&#8243;][\/et_pb_fullwidth_image][\/et_pb_section][et_pb_section fb_built=&#8221;1&#8243; fullwidth=&#8221;on&#8221; disabled_on=&#8221;on|on|off&#8221; _builder_version=&#8221;4.0.11&#8243; background_color=&#8221;rgba(0,0,0,0)&#8221; custom_margin=&#8221;0px||||false|false&#8221; custom_padding=&#8221;0px||0px||false|false&#8221; global_module=&#8221;122&#8243;][et_pb_fullwidth_menu fullwidth_menu=&#8221;off&#8221; _builder_version=&#8221;4.0.11&#8243; menu_font=&#8221;|||on|||||&#8221; menu_font_size=&#8221;16px&#8221; menu_letter_spacing=&#8221;2px&#8221; background_enable_color=&#8221;off&#8221; use_background_color_gradient=&#8221;on&#8221; background_color_gradient_start=&#8221;#ab2421&#8243; background_color_gradient_end=&#8221;#e02b20&#8243; text_orientation=&#8221;center&#8221; background_layout=&#8221;dark&#8221; height=&#8221;60px&#8221; custom_margin=&#8221;0px||0px||false|false&#8221; custom_padding=&#8221;0px||0px||false|false&#8221;][\/et_pb_fullwidth_menu][\/et_pb_section][et_pb_section fb_built=&#8221;1&#8243; fullwidth=&#8221;on&#8221; disabled_on=&#8221;on|on|off&#8221; _builder_version=&#8221;4.0.11&#8243; custom_margin=&#8221;0px||0px||false|false&#8221; custom_padding=&#8221;0px||0px||false|false&#8221; custom_css_main_element=&#8221;height:1.5v&#8221; global_module=&#8221;124&#8243;][et_pb_fullwidth_menu menu_id=&#8221;10&#8243; fullwidth_menu=&#8221;off&#8221; _builder_version=&#8221;4.0.11&#8243; menu_font=&#8221;|||on|||||&#8221; menu_font_size=&#8221;16px&#8221; menu_letter_spacing=&#8221;2px&#8221; background_enable_color=&#8221;off&#8221; use_background_color_gradient=&#8221;on&#8221; background_color_gradient_start=&#8221;#e02b20&#8243; background_color_gradient_end=&#8221;#ab2421&#8243; text_orientation=&#8221;center&#8221; background_layout=&#8221;dark&#8221; height=&#8221;60px&#8221; custom_margin=&#8221;0px||0px||false|false&#8221; custom_padding=&#8221;0px||0px||false|false&#8221;][\/et_pb_fullwidth_menu][\/et_pb_section][et_pb_section fb_built=&#8221;1&#8243; fullwidth=&#8221;on&#8221; custom_padding_last_edited=&#8221;on|phone&#8221; disabled_on=&#8221;off|off|on&#8221; _builder_version=&#8221;3.27.4&#8243; use_background_color_gradient=&#8221;on&#8221; custom_padding_tablet=&#8221;&#8221; custom_padding_phone=&#8221;0px||0px||false|false&#8221; global_module=&#8221;371&#8243; saved_tabs=&#8221;all&#8221;][et_pb_fullwidth_menu menu_id=&#8221;12&#8243; dropdown_menu_bg_color=&#8221;#ab2421&#8243; dropdown_menu_line_color=&#8221;#ab2421&#8243; mobile_menu_bg_color=&#8221;#ab2421&#8243; _builder_version=&#8221;4.0.11&#8243; menu_font=&#8221;|||on|||||&#8221; menu_font_size=&#8221;16px&#8221; menu_line_height=&#8221;0.9em&#8221; use_background_color_gradient=&#8221;on&#8221; background_color_gradient_start=&#8221;#ab2421&#8243; background_color_gradient_end=&#8221;#e02b20&#8243; background_layout=&#8221;dark&#8221; menu_font_size_tablet=&#8221;16px&#8221; menu_font_size_phone=&#8221;15px&#8221; menu_font_size_last_edited=&#8221;on|tablet&#8221;][\/et_pb_fullwidth_menu][\/et_pb_section][et_pb_section fb_built=&#8221;1&#8243; custom_padding_last_edited=&#8221;on|phone&#8221; _builder_version=&#8221;4.0.11&#8243; custom_margin=&#8221;||0px||false|false&#8221; custom_padding=&#8221;0px||20px||false|false&#8221; custom_padding_tablet=&#8221;&#8221; custom_padding_phone=&#8221;||0px||false|false&#8221;][et_pb_row _builder_version=&#8221;4.0.11&#8243; width=&#8221;100%&#8221; max_width=&#8221;90%&#8221; custom_padding=&#8221;||0px||false|false&#8221; border_width_bottom=&#8221;2px&#8221; border_color_bottom=&#8221;#ab2421&#8243; border_style_bottom=&#8221;dotted&#8221;][et_pb_column type=&#8221;4_4&#8243; _builder_version=&#8221;3.27.4&#8243;][et_pb_post_title meta=&#8221;off&#8221; featured_image=&#8221;off&#8221; _builder_version=&#8221;4.0.11&#8243; title_font=&#8221;Trebuchet|800||on|||||&#8221; title_text_color=&#8221;#ab2421&#8243; title_font_size=&#8221;2em&#8221; title_font_size_tablet=&#8221;2.5em&#8221; title_font_size_phone=&#8221;1.5em&#8221; title_font_size_last_edited=&#8221;on|phone&#8221;][\/et_pb_post_title][\/et_pb_column][\/et_pb_row][\/et_pb_section][et_pb_section fb_built=&#8221;1&#8243; _builder_version=&#8221;4.0.9&#8243; custom_padding=&#8221;3px||1px|||&#8221;][et_pb_row _builder_version=&#8221;4.0.9&#8243; custom_padding=&#8221;0px||4px|||&#8221;][et_pb_column type=&#8221;4_4&#8243; _builder_version=&#8221;4.0.9&#8243;][et_pb_text _builder_version=&#8221;4.0.11&#8243; header_3_font_size=&#8221;18px&#8221; custom_margin=&#8221;||0px||false|false&#8221; custom_padding=&#8221;||10px||false|false&#8221;]<\/p>\n<h3>A k\u00f6z\u00f6ss\u00e9g\u00e9p\u00edt\u0151 programok c\u00e9lja a k\u00f6z\u00f6ss\u00e9gi szeml\u00e9let elsaj\u00e1t\u00edt\u00e1s\u00e1nak seg\u00edt\u00e9se, a t\u00e1rsadalmi integr\u00e1ci\u00f3hoz sz\u00fcks\u00e9ges norm\u00e1k alkalmaz\u00e1sa a mindennapi \u00e9letben is, az antidiszkrimin\u00e1ci\u00f3 el\u0151seg\u00edt\u00e9se \u00e9s ez\u00e1ltal a \u201ebefogad\u00f3 v\u00e1ros\u201d megteremt\u00e9se.<\/h3>\n<p>[\/et_pb_text][et_pb_divider divider_style=&#8221;dotted&#8221; _builder_version=&#8221;4.0.9&#8243;][\/et_pb_divider][\/et_pb_column][\/et_pb_row][\/et_pb_section][et_pb_section fb_built=&#8221;1&#8243; _builder_version=&#8221;4.0.9&#8243; custom_padding=&#8221;0px||0px|||&#8221;][et_pb_row column_structure=&#8221;1_2,1_2&#8243; use_custom_gutter=&#8221;on&#8221; gutter_width=&#8221;2&#8243; _builder_version=&#8221;4.0.11&#8243; width=&#8221;90%&#8221; max_width=&#8221;75%&#8221; custom_padding=&#8221;1px||0px|||&#8221; hover_enabled=&#8221;0&#8243; module_alignment=&#8221;center&#8221;][et_pb_column type=&#8221;1_2&#8243; _builder_version=&#8221;4.0.9&#8243;][et_pb_image src=&#8221;http:\/\/varaljasiklos.hu\/wp-content\/uploads\/2019\/09\/web03.jpg&#8221; _builder_version=&#8221;4.0.9&#8243; border_radii=&#8221;on|5px|5px|5px|5px&#8221; box_shadow_style=&#8221;preset2&#8243;][\/et_pb_image][et_pb_text _builder_version=&#8221;4.0.11&#8243; text_font=&#8221;Trebuchet||||||||&#8221; text_line_height=&#8221;1.5em&#8221; header_2_font=&#8221;Trebuchet|||on|||||&#8221; custom_padding=&#8221;10px|2vw|||false|false&#8221; hover_enabled=&#8221;0&#8243; text_font_size_tablet=&#8221;15px&#8221; text_font_size_phone=&#8221;14px&#8221; text_font_size_last_edited=&#8221;on|phone&#8221; header_2_font_size_tablet=&#8221;20px&#8221; header_2_font_size_phone=&#8221;18px&#8221; header_2_font_size_last_edited=&#8221;on|phone&#8221; border_color_right=&#8221;#e09900&#8243; border_style_right=&#8221;dotted&#8221; custom_margin=&#8221;0px||||false|false&#8221;]<\/p>\n<h2>Lecs\u00f3-klub<\/h2>\n<p style=\"text-align: justify;\">F\u0151z\u0151klubok az akt\u00edv- \u00e9s a gyermekkor\u00fa lakoss\u00e1g sz\u00e1m\u00e1ra is nyitott! F\u0151z\u0151-verseny \u00fcnnepk\u00f6r\u00f6nk\u00e9nt. A konyha fontos helysz\u00edne lesz a k\u00f6z\u00f6ss\u00e9g \u00e9let\u00e9ben, hiszen a f\u0151z\u00e9sbe az eg\u00e9sz csal\u00e1d bekapcsol\u00f3dhat, k\u00f6zben besz\u00e9lgetnek, j\u00f3l \u00e9rzik magukat, megosztj\u00e1k egym\u00e1ssal a probl\u00e9m\u00e1jukat, seg\u00edtik egym\u00e1st \u00e9s &#8211; mintegy l\u00e1thatatlanul &#8211; a t\u0171zhely k\u00f6r\u00fcl kialakul egy k\u00f6z\u00f6ss\u00e9g. A klub kiemelt feladata az eg\u00e9szs\u00e9ges t\u00e1pl\u00e1lkoz\u00e1s fontoss\u00e1g\u00e1nak \u00e1tad\u00e1sa \u00e9s a fort\u00e9lyok megtan\u00edt\u00e1sa a c\u00e9lcsoporttagjainak. Foglalkoz\u00e1svezet\u0151k els\u0151sorban a k\u00f6z\u00f6ss\u00e9gb\u0151l v\u00e1lnak ki \u00e9s osztj\u00e1k meg saj\u00e1t receptjeiket a t\u00f6bbi r\u00e9sztvev\u0151kkel.<\/p>\n<p>[\/et_pb_text][\/et_pb_column][et_pb_column type=&#8221;1_2&#8243; _builder_version=&#8221;4.0.9&#8243;][et_pb_image src=&#8221;http:\/\/varaljasiklos.hu\/wp-content\/uploads\/2019\/12\/20191213_001.jpg&#8221; _builder_version=&#8221;4.0.9&#8243; border_radii=&#8221;on|5px|5px|5px|5px&#8221; box_shadow_style=&#8221;preset2&#8243;][\/et_pb_image][et_pb_text _builder_version=&#8221;4.0.11&#8243; text_font=&#8221;Trebuchet||||||||&#8221; text_line_height=&#8221;1.5em&#8221; header_2_font=&#8221;Trebuchet|||on|||||&#8221; hover_enabled=&#8221;0&#8243; text_font_size_tablet=&#8221;15px&#8221; text_font_size_phone=&#8221;14px&#8221; text_font_size_last_edited=&#8221;on|phone&#8221; header_2_font_size_tablet=&#8221;20px&#8221; header_2_font_size_phone=&#8221;18px&#8221; header_2_font_size_last_edited=&#8221;on|phone&#8221; custom_padding=&#8221;10px||||false|false&#8221;]<\/p>\n<h2>Nyitott udvar<\/h2>\n<p style=\"text-align: justify;\">A helyi k\u00e9zm\u0171vesekkel val\u00f3 egy\u00fcttm\u0171k\u00f6d\u00e9sre \u00e9p\u00edtve egy olyan alkot\u00f3 m\u0171hely kialak\u00edt\u00e1sa a c\u00e9l\u00fcnk, ahova koroszt\u00e1lyi megk\u00f6t\u00e9s n\u00e9lk\u00fcl b\u00e1rki bekapcsol\u00f3dhat az alkot\u00e1s folyamat\u00e1ba. Seg\u00edti az \u00f6nkifejez\u00e9st, \u00e9s siker\u00e9lm\u00e9nyt ny\u00fajt a r\u00e9sztvev\u0151k sz\u00e1m\u00e1ra. 2018 decembere \u00f3ta t\u00f6bb foglalkoz\u00e1s is megval\u00f3sult, mint p\u00e9ld\u00e1ul: s\u00e1lk\u00e9sz\u00edt\u00e9s, ajt\u00f3d\u00edsz k\u00e9sz\u00edt\u00e9se, cig\u00e1nykemence \u00e9p\u00edt\u00e9s, agyagoz\u00e1s, kos\u00e1rfon\u00e1s, stb. A foglalkoz\u00e1svezet\u0151k akt\u00edvan bevonj\u00e1k a r\u00e9sztvev\u0151ket a foglalkoz\u00e1sokba. Az alkot\u00f3m\u0171helyeket a r\u00e9sztvev\u0151kt\u0151l \u00e9rkez\u0151 ig\u00e9nyek szerint alak\u00edtjuk.<\/p>\n<p>[\/et_pb_text][\/et_pb_column][\/et_pb_row][\/et_pb_section][et_pb_section fb_built=&#8221;1&#8243; _builder_version=&#8221;4.0.9&#8243; custom_padding=&#8221;0px||4px|||&#8221;][et_pb_row _builder_version=&#8221;4.0.9&#8243; custom_padding=&#8221;||0px|||&#8221;][et_pb_column type=&#8221;4_4&#8243; _builder_version=&#8221;4.0.9&#8243;][et_pb_divider color=&#8221;#e09900&#8243; _builder_version=&#8221;4.0.9&#8243;][\/et_pb_divider][\/et_pb_column][\/et_pb_row][\/et_pb_section][et_pb_section fb_built=&#8221;1&#8243; _builder_version=&#8221;4.0.9&#8243; custom_padding=&#8221;0px||0px|||&#8221;][et_pb_row column_structure=&#8221;1_2,1_2&#8243; use_custom_gutter=&#8221;on&#8221; gutter_width=&#8221;2&#8243; _builder_version=&#8221;4.0.11&#8243; width=&#8221;100%&#8221; max_width=&#8221;75%&#8221; custom_padding=&#8221;3px||100px|||&#8221; hover_enabled=&#8221;0&#8243;][et_pb_column type=&#8221;1_2&#8243; _builder_version=&#8221;4.0.9&#8243;][et_pb_image src=&#8221;http:\/\/varaljasiklos.hu\/wp-content\/uploads\/2019\/12\/20191213_002.jpg&#8221; _builder_version=&#8221;4.0.9&#8243; border_radii=&#8221;on|5px|5px|5px|5px&#8221; box_shadow_style=&#8221;preset2&#8243;][\/et_pb_image][et_pb_text _builder_version=&#8221;4.0.11&#8243; text_font=&#8221;Trebuchet||||||||&#8221; text_line_height=&#8221;1.5em&#8221; header_2_font=&#8221;Trebuchet|||on|||||&#8221; custom_padding=&#8221;10px|3vw|||false|false&#8221; hover_enabled=&#8221;0&#8243; text_font_size_tablet=&#8221;15px&#8221; text_font_size_phone=&#8221;14px&#8221; text_font_size_last_edited=&#8221;on|phone&#8221; header_2_font_size_tablet=&#8221;20px&#8221; header_2_font_size_phone=&#8221;18px&#8221; header_2_font_size_last_edited=&#8221;on|phone&#8221; border_color_right=&#8221;#e09900&#8243; border_style_right=&#8221;dotted&#8221;]<\/p>\n<h2>RomaPage<\/h2>\n<p style=\"text-align: justify;\">A programok a roma kult\u00fara, hagyom\u00e1nyok, szok\u00e1sok megismertet\u00e9s\u00e9re, hiedelmek eloszlat\u00e1s\u00e1ra \u00e9p\u00fcl \u00fagy a r\u00e9sztvev\u0151kkel, mint a vel\u00fck foglalkoz\u00f3 szakemberekkel, \u00e9s Sikl\u00f3s v\u00e1ros lakoss\u00e1g\u00e1val. A programok sor\u00e1n filmvet\u00edt\u00e9s, el\u0151ad\u00f3i f\u00f3rumok, kultur\u00e1lis el\u0151ad\u00f3i programok, ny\u00edlt napok val\u00f3sulnak meg \u00e9s ismert cig\u00e1ny emberek mutatkoznak be. A program f\u0151 c\u00e9lja a t\u00e1rsadalmi befogad\u00e1s \u00e9s az antidiszkrimin\u00e1ci\u00f3 el\u0151seg\u00edt\u00e9se.<\/p>\n<p>[\/et_pb_text][\/et_pb_column][et_pb_column type=&#8221;1_2&#8243; _builder_version=&#8221;4.0.9&#8243;][et_pb_image src=&#8221;http:\/\/varaljasiklos.hu\/wp-content\/uploads\/2019\/12\/20191213_003.jpg&#8221; _builder_version=&#8221;4.0.9&#8243; border_radii=&#8221;on|5px|5px|5px|5px&#8221; box_shadow_style=&#8221;preset2&#8243;][\/et_pb_image][et_pb_text _builder_version=&#8221;4.0.11&#8243; text_font=&#8221;Trebuchet||||||||&#8221; text_line_height=&#8221;1.5em&#8221; header_2_font=&#8221;Trebuchet|||on|||||&#8221; hover_enabled=&#8221;0&#8243; text_font_size_tablet=&#8221;15px&#8221; text_font_size_phone=&#8221;14px&#8221; text_font_size_last_edited=&#8221;on|phone&#8221; header_2_font_size_tablet=&#8221;20px&#8221; header_2_font_size_phone=&#8221;18px&#8221; header_2_font_size_last_edited=&#8221;on|phone&#8221; custom_padding=&#8221;10px||||false|false&#8221;]<\/p>\n<h2>Vir\u00e1gz\u00f3 V\u00e1ralja<\/h2>\n<p style=\"text-align: justify;\">A lak\u00f3k\u00f6rnyezetben tavaszi \u00e9s \u0151szi nagytakar\u00edt\u00e1sra, lomtalan\u00edt\u00e1sra, lak\u00f3k\u00f6rnyezet karbantart\u00e1s\u00e1ra, sz\u00e9p\u00edt\u00e9s\u00e9re, vir\u00e1g\u00fcltet\u00e9sre ker\u00fcl sor. 2018 decembere \u00f3ta k\u00e9tszer ker\u00fclt sor utcai lomtalan\u00edt\u00e1sra, szem\u00e9tszed\u00e9se, a ny\u00e1r sor\u00e1n kertsz\u00e9p\u00edt\u00e9sre \u00e9s vir\u00e1gos\u00edt\u00e1sra is alkalom ny\u00edlt. Meghirdett\u00fcnk a V\u00e1ralja utban egy kertsz\u00e9p\u00edt\u0151 akci\u00f3t, a legszebb port\u00e1kat festett tulip\u00e1nos agyagt\u00e1bl\u00e1csk\u00e1kkal d\u00edjazzuk.<\/p>\n<p>[\/et_pb_text][\/et_pb_column][\/et_pb_row][\/et_pb_section][et_pb_section fb_built=&#8221;1&#8243; _builder_version=&#8221;4.0.11&#8243; custom_padding=&#8221;0px||0px|||&#8221;][et_pb_row column_structure=&#8221;1_3,1_3,1_3&#8243; _builder_version=&#8221;4.0.11&#8243; width=&#8221;100%&#8221; max_width=&#8221;100%&#8221; custom_margin=&#8221;0px||0px||false|false&#8221; custom_padding=&#8221;0px||0px||false|false&#8221;][et_pb_column type=&#8221;1_3&#8243; _builder_version=&#8221;4.0.11&#8243;][\/et_pb_column][et_pb_column type=&#8221;1_3&#8243; _builder_version=&#8221;4.0.11&#8243;][\/et_pb_column][et_pb_column type=&#8221;1_3&#8243; _builder_version=&#8221;4.0.11&#8243;][et_pb_image src=&#8221;http:\/\/varaljasiklos.hu\/wp-content\/uploads\/2019\/09\/infoblokk_web.png&#8221; align=&#8221;right&#8221; _builder_version=&#8221;4.0.11&#8243; custom_css_main_element=&#8221;position:fixed;||right:0;||bottom:0;&#8221;][\/et_pb_image][\/et_pb_column][\/et_pb_row][\/et_pb_section][et_pb_section fb_built=&#8221;1&#8243; prev_background_color=&#8221;#ffffff&#8221; _builder_version=&#8221;4.0.11&#8243; background_color=&#8221;#ab2421&#8243; custom_padding=&#8221;||0px|||&#8221; top_divider_style=&#8221;wave2&#8243;][et_pb_row _builder_version=&#8221;3.27.4&#8243; custom_padding=&#8221;||0px|||&#8221;][et_pb_column type=&#8221;4_4&#8243; _builder_version=&#8221;3.27.4&#8243;][et_pb_text _builder_version=&#8221;4.0.11&#8243; header_2_font=&#8221;Trebuchet||||||||&#8221; header_2_text_align=&#8221;center&#8221; header_2_text_color=&#8221;#FFFFFF&#8221; header_2_font_size=&#8221;1.2em&#8221;]<\/p>\n<h2 style=\"text-align: center;\">Powered by: PTI Communications Kft.<\/h2>\n<p>[\/et_pb_text][\/et_pb_column][\/et_pb_row][\/et_pb_section]<\/p>\n","protected":false},"excerpt":{"rendered":"<p>[et_pb_section fb_built=&#8221;1&#8243; fullwidth=&#8221;on&#8221; _builder_version=&#8221;3.27.4&#8243;][et_pb_fullwidth_image src=&#8221;http:\/\/varaljasiklos.hu\/wp-content\/uploads\/2019\/09\/head01.jpg&#8221; _builder_version=&#8221;3.27.4&#8243;][\/et_pb_fullwidth_image][\/et_pb_section][et_pb_section fb_built=&#8221;1&#8243; fullwidth=&#8221;on&#8221; disabled_on=&#8221;on|on|off&#8221; _builder_version=&#8221;4.0.11&#8243; background_color=&#8221;rgba(0,0,0,0)&#8221; custom_margin=&#8221;0px||||false|false&#8221; custom_padding=&#8221;0px||0px||false|false&#8221; global_module=&#8221;122&#8243;][et_pb_fullwidth_menu fullwidth_menu=&#8221;off&#8221; _builder_version=&#8221;4.0.11&#8243; menu_font=&#8221;|||on|||||&#8221; menu_font_size=&#8221;16px&#8221; menu_letter_spacing=&#8221;2px&#8221; background_enable_color=&#8221;off&#8221; use_background_color_gradient=&#8221;on&#8221; background_color_gradient_start=&#8221;#ab2421&#8243; background_color_gradient_end=&#8221;#e02b20&#8243; text_orientation=&#8221;center&#8221; background_layout=&#8221;dark&#8221; height=&#8221;60px&#8221; custom_margin=&#8221;0px||0px||false|false&#8221; custom_padding=&#8221;0px||0px||false|false&#8221;][\/et_pb_fullwidth_menu][\/et_pb_section][et_pb_section fb_built=&#8221;1&#8243; fullwidth=&#8221;on&#8221; disabled_on=&#8221;on|on|off&#8221; _builder_version=&#8221;4.0.11&#8243; custom_margin=&#8221;0px||0px||false|false&#8221; custom_padding=&#8221;0px||0px||false|false&#8221; custom_css_main_element=&#8221;height:1.5v&#8221; global_module=&#8221;124&#8243;][et_pb_fullwidth_menu menu_id=&#8221;10&#8243; fullwidth_menu=&#8221;off&#8221; _builder_version=&#8221;4.0.11&#8243; menu_font=&#8221;|||on|||||&#8221; menu_font_size=&#8221;16px&#8221; menu_letter_spacing=&#8221;2px&#8221; background_enable_color=&#8221;off&#8221; use_background_color_gradient=&#8221;on&#8221; background_color_gradient_start=&#8221;#e02b20&#8243; background_color_gradient_end=&#8221;#ab2421&#8243; text_orientation=&#8221;center&#8221; background_layout=&#8221;dark&#8221; height=&#8221;60px&#8221; custom_margin=&#8221;0px||0px||false|false&#8221; custom_padding=&#8221;0px||0px||false|false&#8221;][\/et_pb_fullwidth_menu][\/et_pb_section][et_pb_section fb_built=&#8221;1&#8243; fullwidth=&#8221;on&#8221; custom_padding_last_edited=&#8221;on|phone&#8221; disabled_on=&#8221;off|off|on&#8221; [&hellip;]<\/p>\n","protected":false},"author":1,"featured_media":0,"parent":0,"menu_order":0,"comment_status":"closed","ping_status":"closed","template":"page-template-blank.php","meta":{"_et_pb_use_builder":"on","_et_pb_old_content":"","_et_gb_content_width":"","footnotes":""},"class_list":["post-43","page","type-page","status-publish","hentry"],"_links":{"self":[{"href":"https:\/\/varaljasiklos.hu\/index.php\/wp-json\/wp\/v2\/pages\/43","targetHints":{"allow":["GET"]}}],"collection":[{"href":"https:\/\/varaljasiklos.hu\/index.php\/wp-json\/wp\/v2\/pages"}],"about":[{"href":"https:\/\/varaljasiklos.hu\/index.php\/wp-json\/wp\/v2\/types\/page"}],"author":[{"embeddable":true,"href":"https:\/\/varaljasiklos.hu\/index.php\/wp-json\/wp\/v2\/users\/1"}],"replies":[{"embeddable":true,"href":"https:\/\/varaljasiklos.hu\/index.php\/wp-json\/wp\/v2\/comments?post=43"}],"version-history":[{"count":38,"href":"https:\/\/varaljasiklos.hu\/index.php\/wp-json\/wp\/v2\/pages\/43\/revisions"}],"predecessor-version":[{"id":904,"href":"https:\/\/varaljasiklos.hu\/index.php\/wp-json\/wp\/v2\/pages\/43\/revisions\/904"}],"wp:attachment":[{"href":"https:\/\/varaljasiklos.hu\/index.php\/wp-json\/wp\/v2\/media?parent=43"}],"curies":[{"name":"wp","href":"https:\/\/api.w.org\/{rel}","templated":true}]}}