{"id":56,"date":"2019-09-12T17:42:05","date_gmt":"2019-09-12T17:42:05","guid":{"rendered":"http:\/\/varaljasiklos.hu\/?page_id=56"},"modified":"2020-01-27T13:33:15","modified_gmt":"2020-01-27T13:33:15","slug":"foglalkoztatas-elosegitese","status":"publish","type":"page","link":"https:\/\/varaljasiklos.hu\/index.php\/foglalkoztatas-elosegitese\/","title":{"rendered":"Foglalkoztat\u00e1s el\u0151seg\u00edt\u00e9se"},"content":{"rendered":"\n[et_pb_section fb_built=&#8221;1&#8243; fullwidth=&#8221;on&#8221; _builder_version=&#8221;3.27.4&#8243;][et_pb_fullwidth_image src=&#8221;http:\/\/varaljasiklos.hu\/wp-content\/uploads\/2019\/09\/head01.jpg&#8221; _builder_version=&#8221;3.27.4&#8243;][\/et_pb_fullwidth_image][\/et_pb_section][et_pb_section fb_built=&#8221;1&#8243; fullwidth=&#8221;on&#8221; disabled_on=&#8221;on|on|off&#8221; _builder_version=&#8221;4.0.11&#8243; background_color=&#8221;rgba(0,0,0,0)&#8221; custom_margin=&#8221;0px||||false|false&#8221; custom_padding=&#8221;0px||0px||false|false&#8221; custom_css_main_element=&#8221;padding-top:0;&#8221; global_module=&#8221;122&#8243;][et_pb_fullwidth_menu fullwidth_menu=&#8221;off&#8221; _builder_version=&#8221;4.0.11&#8243; menu_font=&#8221;|||on|||||&#8221; menu_font_size=&#8221;13px&#8221; menu_letter_spacing=&#8221;2px&#8221; background_enable_color=&#8221;off&#8221; use_background_color_gradient=&#8221;on&#8221; background_color_gradient_start=&#8221;#ab2421&#8243; background_color_gradient_end=&#8221;#e02b20&#8243; text_orientation=&#8221;center&#8221; background_layout=&#8221;dark&#8221; max_height=&#8221;35px&#8221; custom_margin=&#8221;0px||0px||false|false&#8221; custom_padding=&#8221;0px||0px||false|false&#8221; custom_css_menu_link=&#8221;bottom:25px;&#8221;][\/et_pb_fullwidth_menu][\/et_pb_section][et_pb_section fb_built=&#8221;1&#8243; fullwidth=&#8221;on&#8221; disabled_on=&#8221;on|on|off&#8221; _builder_version=&#8221;4.0.11&#8243; custom_margin=&#8221;0px||0px||false|false&#8221; custom_padding=&#8221;0px||0px||false|false&#8221; custom_css_main_element=&#8221;height:1.5v&#8221; global_module=&#8221;124&#8243;][et_pb_fullwidth_menu menu_id=&#8221;10&#8243; fullwidth_menu=&#8221;off&#8221; _builder_version=&#8221;4.0.11&#8243; menu_font=&#8221;|||on|||||&#8221; menu_font_size=&#8221;13px&#8221; menu_letter_spacing=&#8221;2px&#8221; background_enable_color=&#8221;off&#8221; use_background_color_gradient=&#8221;on&#8221; background_color_gradient_start=&#8221;#e02b20&#8243; background_color_gradient_end=&#8221;#ab2421&#8243; text_orientation=&#8221;center&#8221; background_layout=&#8221;dark&#8221; max_height=&#8221;35px&#8221; custom_margin=&#8221;0px||0px||false|false&#8221; custom_padding=&#8221;0px||0px||false|false&#8221; custom_css_menu_link=&#8221;bottom:25px;&#8221;][\/et_pb_fullwidth_menu][\/et_pb_section][et_pb_section fb_built=&#8221;1&#8243; fullwidth=&#8221;on&#8221; custom_padding_last_edited=&#8221;on|phone&#8221; disabled_on=&#8221;off|off|on&#8221; _builder_version=&#8221;3.27.4&#8243; use_background_color_gradient=&#8221;on&#8221; custom_padding_tablet=&#8221;&#8221; custom_padding_phone=&#8221;0px||0px||false|false&#8221; global_module=&#8221;371&#8243; saved_tabs=&#8221;all&#8221;][et_pb_fullwidth_menu menu_id=&#8221;12&#8243; dropdown_menu_bg_color=&#8221;#ab2421&#8243; dropdown_menu_line_color=&#8221;#ab2421&#8243; mobile_menu_bg_color=&#8221;#ab2421&#8243; _builder_version=&#8221;4.0.11&#8243; menu_font=&#8221;|||on|||||&#8221; menu_font_size=&#8221;16px&#8221; menu_line_height=&#8221;0.9em&#8221; use_background_color_gradient=&#8221;on&#8221; background_color_gradient_start=&#8221;#ab2421&#8243; background_color_gradient_end=&#8221;#e02b20&#8243; background_layout=&#8221;dark&#8221; menu_font_size_tablet=&#8221;16px&#8221; menu_font_size_phone=&#8221;15px&#8221; menu_font_size_last_edited=&#8221;on|tablet&#8221;][\/et_pb_fullwidth_menu][\/et_pb_section][et_pb_section fb_built=&#8221;1&#8243; custom_padding_last_edited=&#8221;on|phone&#8221; _builder_version=&#8221;3.27.4&#8243; custom_padding=&#8221;0px||0px||false|false&#8221; custom_padding_tablet=&#8221;&#8221; custom_padding_phone=&#8221;&#8221;][et_pb_row _builder_version=&#8221;3.27.4&#8243; width=&#8221;100%&#8221; max_width=&#8221;90%&#8221; custom_padding=&#8221;||0px|||&#8221; border_width_bottom=&#8221;2px&#8221; border_color_bottom=&#8221;#ab2421&#8243; border_style_bottom=&#8221;dotted&#8221;][et_pb_column type=&#8221;4_4&#8243; _builder_version=&#8221;3.27.4&#8243;][et_pb_post_title meta=&#8221;off&#8221; featured_image=&#8221;off&#8221; _builder_version=&#8221;4.0.11&#8243; title_font=&#8221;Trebuchet|800||on|||||&#8221; title_text_color=&#8221;#ab2421&#8243; title_font_size=&#8221;2em&#8221; title_font_size_tablet=&#8221;2.5em&#8221; title_font_size_phone=&#8221;1.5em&#8221; title_font_size_last_edited=&#8221;on|phone&#8221;][\/et_pb_post_title][\/et_pb_column][\/et_pb_row][\/et_pb_section][et_pb_section fb_built=&#8221;1&#8243; _builder_version=&#8221;4.0.9&#8243; custom_padding=&#8221;0px||0px|||&#8221;][et_pb_row _builder_version=&#8221;4.0.9&#8243; custom_padding=&#8221;2px||1px|||&#8221;][et_pb_column type=&#8221;4_4&#8243; _builder_version=&#8221;4.0.9&#8243;][et_pb_text _builder_version=&#8221;4.0.11&#8243; header_3_font_size=&#8221;18px&#8221; custom_margin=&#8221;||0px||false|false&#8221; custom_padding=&#8221;10px||10px||false|false&#8221;]<h3>A V\u00e1ralj\u00e1n \u00e9l\u0151, h\u00e1tr\u00e1nyos helyzet\u0171 emberek seg\u00edt\u00e9se a k\u00e9pzetts\u00e9gi szint emel\u00e9s\u00e9vel, a munkaer\u0151-piacon j\u00f3l felhaszn\u00e1lhat\u00f3 szakm\u00e1k elsaj\u00e1t\u00edt\u00e1s\u00e1val. Ezek \u00e1ltal az alanyok hossz\u00fat\u00e1von k\u00e9pesek lesznek \u00f6n\u00e1ll\u00f3 j\u00f6vedelemszerz\u00e9sre, \u00edgy a csal\u00e1dok \u00e9letvitel\u00e9ben is pozit\u00edv v\u00e1ltoz\u00e1s \u00e1llhat be.<\/h3>[\/et_pb_text][et_pb_divider divider_style=&#8221;dotted&#8221; _builder_version=&#8221;4.0.9&#8243;][\/et_pb_divider][\/et_pb_column][\/et_pb_row][\/et_pb_section][et_pb_section fb_built=&#8221;1&#8243; _builder_version=&#8221;4.0.9&#8243; custom_padding=&#8221;0px|||||&#8221;][et_pb_row column_structure=&#8221;1_2,1_2&#8243; use_custom_gutter=&#8221;on&#8221; gutter_width=&#8221;2&#8243; _builder_version=&#8221;4.0.9&#8243; width=&#8221;100%&#8221; max_width=&#8221;95%&#8221;][et_pb_column type=&#8221;1_2&#8243; _builder_version=&#8221;4.0.9&#8243;][et_pb_image src=&#8221;http:\/\/varaljasiklos.hu\/wp-content\/uploads\/2020\/01\/Kiskerti-n\u00f6v\u00e9nytermeszt\u0151.jpg&#8221; show_in_lightbox=&#8221;on&#8221; _builder_version=&#8221;4.0.11&#8243; custom_padding=&#8221;24px|0vw|||false|false&#8221; hover_enabled=&#8221;0&#8243; border_color_right=&#8221;#e09900&#8243; align=&#8221;center&#8221; force_fullwidth=&#8221;on&#8221;][\/et_pb_image][\/et_pb_column][et_pb_column type=&#8221;1_2&#8243; _builder_version=&#8221;4.0.9&#8243;][et_pb_image src=&#8221;http:\/\/varaljasiklos.hu\/wp-content\/uploads\/2019\/09\/Betan\u00edtott-k\u0151m\u0171ves-sz\u00f3r\u00f3lap_v\u00e9gleges.jpg&#8221; show_in_lightbox=&#8221;on&#8221; _builder_version=&#8221;4.0.11&#8243; max_width=&#8221;1273px&#8221; custom_padding=&#8221;24px|0vw|||false|false&#8221; border_color_right=&#8221;#e09900&#8243;][\/et_pb_image][\/et_pb_column][\/et_pb_row][\/et_pb_section][et_pb_section fb_built=&#8221;1&#8243; _builder_version=&#8221;4.0.9&#8243; custom_padding=&#8221;0px|||||&#8221;][et_pb_row column_structure=&#8221;1_2,1_2&#8243; use_custom_gutter=&#8221;on&#8221; gutter_width=&#8221;2&#8243; _builder_version=&#8221;4.0.9&#8243; width=&#8221;100%&#8221; max_width=&#8221;95%&#8221;][et_pb_column type=&#8221;1_2&#8243; _builder_version=&#8221;4.0.9&#8243;][et_pb_image src=&#8221;http:\/\/varaljasiklos.hu\/wp-content\/uploads\/2019\/09\/Falusi-vend\u00e9gl\u00e1t\u00f3-sz\u00f3r\u00f3lap.jpg&#8221; show_in_lightbox=&#8221;on&#8221; _builder_version=&#8221;3.27.4&#8243;][\/et_pb_image][\/et_pb_column][et_pb_column type=&#8221;1_2&#8243; _builder_version=&#8221;4.0.9&#8243;][\/et_pb_column][\/et_pb_row][\/et_pb_section][et_pb_section fb_built=&#8221;1&#8243; next_background_color=&#8221;#ab2421&#8243; _builder_version=&#8221;3.27.4&#8243; custom_margin=&#8221;||0vw||false|false&#8221; custom_padding=&#8221;0px||5vw||false|false&#8221; bottom_divider_style=&#8221;wave2&#8243; bottom_divider_style_tablet=&#8221;none&#8221; bottom_divider_style_phone=&#8221;&#8221; bottom_divider_style_last_edited=&#8221;on|tablet&#8221;][et_pb_row column_structure=&#8221;1_2,1_2&#8243; _builder_version=&#8221;3.27.4&#8243; width=&#8221;100%&#8221; max_width=&#8221;80%&#8221; module_alignment=&#8221;center&#8221; custom_padding=&#8221;0vw||0vw||true|false&#8221;][et_pb_column type=&#8221;1_2&#8243; _builder_version=&#8221;3.27.4&#8243;][\/et_pb_column][et_pb_column type=&#8221;1_2&#8243; _builder_version=&#8221;3.27.4&#8243;][et_pb_image src=&#8221;http:\/\/varaljasiklos.hu\/wp-content\/uploads\/2019\/09\/infoblokk_web.png&#8221; align=&#8221;right&#8221; _builder_version=&#8221;3.27.4&#8243; width_tablet=&#8221;25%&#8221; width_phone=&#8221;30%&#8221; width_last_edited=&#8221;on|tablet&#8221; custom_css_main_element=&#8221;position:fixed;||right:0;||bottom:0;&#8221;][\/et_pb_image][\/et_pb_column][\/et_pb_row][\/et_pb_section][et_pb_section fb_built=&#8221;1&#8243; custom_padding_last_edited=&#8221;on|tablet&#8221; _builder_version=&#8221;3.27.4&#8243; background_color=&#8221;#ab2421&#8243; custom_margin=&#8221;||0vw||false|false&#8221; custom_margin_tablet=&#8221;||5vw||false|false&#8221; custom_margin_phone=&#8221;&#8221; custom_margin_last_edited=&#8221;on|tablet&#8221; custom_padding=&#8221;0px||0px|||&#8221; custom_padding_tablet=&#8221;0px||0px||false|false&#8221; custom_padding_phone=&#8221;0px||0px||false|false&#8221;][et_pb_row _builder_version=&#8221;3.27.4&#8243; custom_padding=&#8221;0px||0px|||&#8221;][et_pb_column type=&#8221;4_4&#8243; _builder_version=&#8221;3.27.4&#8243;][et_pb_text _builder_version=&#8221;4.0.11&#8243; header_2_font=&#8221;Trebuchet||||||||&#8221; header_2_text_align=&#8221;center&#8221; header_2_text_color=&#8221;#FFFFFF&#8221; header_2_font_size=&#8221;1.2em&#8221; header_2_font_size_tablet=&#8221;1.5em&#8221; header_2_font_size_phone=&#8221;1em&#8221; header_2_font_size_last_edited=&#8221;on|tablet&#8221;]<h2 style=\"text-align: center;\">Powered by: PTI Communications Kft.<\/h2>[\/et_pb_text][\/et_pb_column][\/et_pb_row][\/et_pb_section]\n","protected":false},"excerpt":{"rendered":"","protected":false},"author":1,"featured_media":0,"parent":0,"menu_order":0,"comment_status":"closed","ping_status":"closed","template":"page-template-blank.php","meta":{"_et_pb_use_builder":"on","_et_pb_old_content":"","_et_gb_content_width":"","footnotes":""},"class_list":["post-56","page","type-page","status-publish","hentry"],"_links":{"self":[{"href":"https:\/\/varaljasiklos.hu\/index.php\/wp-json\/wp\/v2\/pages\/56","targetHints":{"allow":["GET"]}}],"collection":[{"href":"https:\/\/varaljasiklos.hu\/index.php\/wp-json\/wp\/v2\/pages"}],"about":[{"href":"https:\/\/varaljasiklos.hu\/index.php\/wp-json\/wp\/v2\/types\/page"}],"author":[{"embeddable":true,"href":"https:\/\/varaljasiklos.hu\/index.php\/wp-json\/wp\/v2\/users\/1"}],"replies":[{"embeddable":true,"href":"https:\/\/varaljasiklos.hu\/index.php\/wp-json\/wp\/v2\/comments?post=56"}],"version-history":[{"count":33,"href":"https:\/\/varaljasiklos.hu\/index.php\/wp-json\/wp\/v2\/pages\/56\/revisions"}],"predecessor-version":[{"id":1943,"href":"https:\/\/varaljasiklos.hu\/index.php\/wp-json\/wp\/v2\/pages\/56\/revisions\/1943"}],"wp:attachment":[{"href":"https:\/\/varaljasiklos.hu\/index.php\/wp-json\/wp\/v2\/media?parent=56"}],"curies":[{"name":"wp","href":"https:\/\/api.w.org\/{rel}","templated":true}]}}