{"id":85,"date":"2019-09-13T12:24:55","date_gmt":"2019-09-13T12:24:55","guid":{"rendered":"http:\/\/varaljasiklos.hu\/?page_id=85"},"modified":"2022-07-08T11:08:24","modified_gmt":"2022-07-08T11:08:24","slug":"kozbiztonsagi-program","status":"publish","type":"page","link":"https:\/\/varaljasiklos.hu\/index.php\/kozbiztonsagi-program\/","title":{"rendered":"K\u00f6zbiztons\u00e1gi program"},"content":{"rendered":"\n<p><a href=\"https:\/\/1drv.ms\/b\/s!AvmRTkGHcbyBh3i1td3ivAmSmNNc?e=Ka3f3F\">B\u0171nmegel\u0151z\u00e9si strat\u00e9gia<\/a><\/p>\n\n\n\n<div class=\"wp-block-image\"><figure class=\"alignleft size-large is-resized\"><img loading=\"lazy\" decoding=\"async\" src=\"http:\/\/varaljasiklos.hu\/wp-content\/uploads\/2022\/07\/20191216_siklos_varalja_bunmegelozesi_strategia_jav-1-722x1024.jpg\" alt=\"\" class=\"wp-image-2684\" width=\"341\" height=\"483\"\/><\/figure><\/div>\n\n\n\n<p><\/p>\n\n\n\n<p class=\"has-text-align-left\"><\/p>\n","protected":false},"excerpt":{"rendered":"<p>B\u0171nmegel\u0151z\u00e9si strat\u00e9gia<\/p>\n","protected":false},"author":1,"featured_media":0,"parent":0,"menu_order":0,"comment_status":"closed","ping_status":"closed","template":"page-template-blank.php","meta":{"_et_pb_use_builder":"off","_et_pb_old_content":"","_et_gb_content_width":"","footnotes":""},"class_list":["post-85","page","type-page","status-publish","hentry"],"_links":{"self":[{"href":"https:\/\/varaljasiklos.hu\/index.php\/wp-json\/wp\/v2\/pages\/85","targetHints":{"allow":["GET"]}}],"collection":[{"href":"https:\/\/varaljasiklos.hu\/index.php\/wp-json\/wp\/v2\/pages"}],"about":[{"href":"https:\/\/varaljasiklos.hu\/index.php\/wp-json\/wp\/v2\/types\/page"}],"author":[{"embeddable":true,"href":"https:\/\/varaljasiklos.hu\/index.php\/wp-json\/wp\/v2\/users\/1"}],"replies":[{"embeddable":true,"href":"https:\/\/varaljasiklos.hu\/index.php\/wp-json\/wp\/v2\/comments?post=85"}],"version-history":[{"count":34,"href":"https:\/\/varaljasiklos.hu\/index.php\/wp-json\/wp\/v2\/pages\/85\/revisions"}],"predecessor-version":[{"id":2686,"href":"https:\/\/varaljasiklos.hu\/index.php\/wp-json\/wp\/v2\/pages\/85\/revisions\/2686"}],"wp:attachment":[{"href":"https:\/\/varaljasiklos.hu\/index.php\/wp-json\/wp\/v2\/media?parent=85"}],"curies":[{"name":"wp","href":"https:\/\/api.w.org\/{rel}","templated":true}]}}