{"id":861,"date":"2020-01-24T14:24:42","date_gmt":"2020-01-24T14:24:42","guid":{"rendered":"http:\/\/varaljasiklos.hu\/?page_id=861"},"modified":"2020-09-11T16:21:56","modified_gmt":"2020-09-11T16:21:56","slug":"home","status":"publish","type":"page","link":"https:\/\/varaljasiklos.hu\/index.php\/home\/","title":{"rendered":"Home"},"content":{"rendered":"<p>[et_pb_section fb_built=&#8221;1&#8243; fullwidth=&#8221;on&#8221; _builder_version=&#8221;3.27.4&#8243;][et_pb_fullwidth_image src=&#8221;http:\/\/varaljasiklos.hu\/wp-content\/uploads\/2019\/09\/head01.jpg&#8221; _builder_version=&#8221;3.27.4&#8243;][\/et_pb_fullwidth_image][\/et_pb_section][et_pb_section fb_built=&#8221;1&#8243; fullwidth=&#8221;on&#8221; disabled_on=&#8221;on|on|off&#8221; _builder_version=&#8221;4.0.11&#8243; background_color=&#8221;rgba(0,0,0,0)&#8221; custom_margin=&#8221;0px||||false|false&#8221; custom_padding=&#8221;0px||0px||false|false&#8221; custom_css_main_element=&#8221;padding-top:0;&#8221; global_module=&#8221;122&#8243;][et_pb_fullwidth_menu fullwidth_menu=&#8221;off&#8221; _builder_version=&#8221;4.0.11&#8243; menu_font=&#8221;|||on|||||&#8221; menu_font_size=&#8221;0.85em&#8221; menu_letter_spacing=&#8221;2px&#8221; background_enable_color=&#8221;off&#8221; use_background_color_gradient=&#8221;on&#8221; background_color_gradient_start=&#8221;#ab2421&#8243; background_color_gradient_end=&#8221;#e02b20&#8243; text_orientation=&#8221;center&#8221; background_layout=&#8221;dark&#8221; max_height=&#8221;35px&#8221; custom_margin=&#8221;0px||0px||false|false&#8221; custom_padding=&#8221;0px||0px||false|false&#8221; custom_css_menu_link=&#8221;bottom:25px;&#8221;][\/et_pb_fullwidth_menu][\/et_pb_section][et_pb_section fb_built=&#8221;1&#8243; fullwidth=&#8221;on&#8221; disabled_on=&#8221;on|on|off&#8221; _builder_version=&#8221;4.0.11&#8243; custom_margin=&#8221;0px||0px||false|false&#8221; custom_padding=&#8221;0px||0px||false|false&#8221; custom_css_main_element=&#8221;height:1.5v&#8221; global_module=&#8221;124&#8243;][et_pb_fullwidth_menu menu_id=&#8221;10&#8243; fullwidth_menu=&#8221;off&#8221; dropdown_menu_bg_color=&#8221;#ab2421&#8243; dropdown_menu_text_color=&#8221;#ffffff&#8221; mobile_menu_text_color=&#8221;#ab2421&#8243; _builder_version=&#8221;4.0.11&#8243; menu_font=&#8221;|||on|||||&#8221; menu_font_size=&#8221;0.85em&#8221; menu_letter_spacing=&#8221;2px&#8221; background_enable_color=&#8221;off&#8221; use_background_color_gradient=&#8221;on&#8221; background_color_gradient_start=&#8221;#e02b20&#8243; background_color_gradient_end=&#8221;#ab2421&#8243; text_orientation=&#8221;center&#8221; background_layout=&#8221;dark&#8221; max_height=&#8221;35px&#8221; custom_margin=&#8221;0px||0px||false|false&#8221; custom_padding=&#8221;0px||0px||false|false&#8221; custom_css_menu_link=&#8221;bottom:25px;&#8221;][\/et_pb_fullwidth_menu][\/et_pb_section][et_pb_section fb_built=&#8221;1&#8243; fullwidth=&#8221;on&#8221; custom_padding_last_edited=&#8221;on|phone&#8221; disabled_on=&#8221;off|off|on&#8221; _builder_version=&#8221;3.27.4&#8243; use_background_color_gradient=&#8221;on&#8221; custom_padding_tablet=&#8221;&#8221; custom_padding_phone=&#8221;0px||0px||false|false&#8221; global_module=&#8221;371&#8243; saved_tabs=&#8221;all&#8221;][et_pb_fullwidth_menu menu_id=&#8221;12&#8243; dropdown_menu_bg_color=&#8221;#ab2421&#8243; dropdown_menu_line_color=&#8221;#ab2421&#8243; mobile_menu_bg_color=&#8221;#ab2421&#8243; _builder_version=&#8221;4.0.11&#8243; menu_font=&#8221;|||on|||||&#8221; menu_font_size=&#8221;16px&#8221; menu_line_height=&#8221;0.9em&#8221; use_background_color_gradient=&#8221;on&#8221; background_color_gradient_start=&#8221;#ab2421&#8243; background_color_gradient_end=&#8221;#e02b20&#8243; background_layout=&#8221;dark&#8221; menu_font_size_tablet=&#8221;16px&#8221; menu_font_size_phone=&#8221;15px&#8221; menu_font_size_last_edited=&#8221;on|tablet&#8221;][\/et_pb_fullwidth_menu][\/et_pb_section][et_pb_section fb_built=&#8221;1&#8243; admin_label=&#8221;FELH\u00cdV\u00c1S&#8221; _builder_version=&#8221;4.0.11&#8243; custom_margin=&#8221;0px||0px||false|false&#8221; custom_padding=&#8221;2vw||2vw||true|false&#8221; collapsed=&#8221;on&#8221;][\/et_pb_section][et_pb_section fb_built=&#8221;1&#8243; _builder_version=&#8221;4.4.8&#8243; custom_margin=&#8221;1vw||0px||false|false&#8221; custom_padding=&#8221;0px||0vw||false|false&#8221; bottom_divider_color=&#8221;#ab2421&#8243; bottom_divider_style_tablet=&#8221;none&#8221; bottom_divider_style_phone=&#8221;none&#8221; bottom_divider_style_last_edited=&#8221;on|phone&#8221; collapsed=&#8221;on&#8221;][et_pb_row column_structure=&#8221;1_3,1_3,1_3&#8243; custom_padding_last_edited=&#8221;on|phone&#8221; _builder_version=&#8221;4.4.8&#8243; width=&#8221;95%&#8221; max_width=&#8221;100%&#8221; custom_margin=&#8221;0px||0px||false|false&#8221; custom_margin_tablet=&#8221;||0px||false|false&#8221; custom_margin_phone=&#8221;&#8221; custom_margin_last_edited=&#8221;on|tablet&#8221; custom_padding=&#8221;0px||0px||false|false&#8221; custom_padding_tablet=&#8221;||0px||false|false&#8221; custom_padding_phone=&#8221;||0px||false|false&#8221;][et_pb_column type=&#8221;1_3&#8243; _builder_version=&#8221;3.27.4&#8243;][et_pb_text _builder_version=&#8221;4.0.11&#8243; header_2_font=&#8221;|700|||||||&#8221; header_2_text_color=&#8221;#ab2421&#8243; header_2_font_size=&#8221;2em&#8221; custom_padding=&#8221;1vw||1vw||true|false&#8221;]<\/p>\n<h2 style=\"text-align: center;\">H\u00cdREK<\/h2>\n<p>[\/et_pb_text][et_pb_text _builder_version=&#8221;4.6.1&#8243; link_text_color=&#8221;#edf000&#8243; ul_text_color=&#8221;#ffffff&#8221; ul_font_size=&#8221;19px&#8221; header_font=&#8221;|800||on|||||&#8221; header_text_color=&#8221;#ffffff&#8221; header_3_text_color=&#8221;#ffffff&#8221; header_3_line_height=&#8221;1.3em&#8221; hover_enabled=&#8221;0&#8243; ul_font_size_tablet=&#8221;&#8221; ul_font_size_phone=&#8221;15px&#8221; ul_font_size_last_edited=&#8221;on|phone&#8221; header_font_size_tablet=&#8221;&#8221; header_font_size_phone=&#8221;25px&#8221; header_font_size_last_edited=&#8221;on|phone&#8221; header_3_font_size_tablet=&#8221;&#8221; header_3_font_size_phone=&#8221;16px&#8221; header_3_font_size_last_edited=&#8221;on|phone&#8221; sticky_enabled=&#8221;0&#8243;]<\/p>\n<h1><span style=\"color: #000000;\">T\u00e1j\u00e9koztat\u00f3<\/span><\/h1>\n<h3><\/h3>\n<p style=\"font-weight: 400;\"><span style=\"color: #800000;\"><strong>Az \u00faj koronav\u00edrus (COVID-19) okozta j\u00e1rv\u00e1ny terjed\u00e9s\u00e9nek megakad\u00e1lyoz\u00e1sa \u00e9rdek\u00e9ben az al\u00e1bbi felt\u00e9telekkel vehetnek r\u00e9szt a r\u00e9sztvev\u0151k a rendezv\u00e9nyeken:<\/strong><\/span><\/p>\n<p style=\"font-weight: 400;\"><span style=\"color: #800000;\"><strong>&#8211; T\u00f6rekedni kell a kb. 1,5 m\u00e9teres v\u00e9d\u0151t\u00e1vols\u00e1g folyamatos betart\u00e1s\u00e1ra a foglalkoz\u00e1sok teljes ideje alatt.<\/strong><\/span><\/p>\n<p style=\"font-weight: 400;\"><span style=\"color: #800000;\"><strong>&#8211; A rendezv\u00e9nyeken kiz\u00e1r\u00f3lag eg\u00e9szs\u00e9ges, t\u00fcneteket nem mutat\u00f3, mag\u00e1t eg\u00e9szs\u00e9gesnek \u00e9rz\u0151 r\u00e9sztvev\u0151 vehet r\u00e9szt.<\/strong><\/span><\/p>\n<p style=\"font-weight: 400;\"><span style=\"color: #800000;\"><strong>&#8211; A rendezv\u00e9ny sor\u00e1n k\u00fcl\u00f6n\u00f6s figyelemmel kell lenni a szem\u00e9lyi higi\u00e9ne betart\u00e1s\u00e1ra, melynek alapja a gyakori, alapos szappanos k\u00e9zmos\u00e1s, k\u00e9zfert\u0151tlen\u00edt\u00e9s, az arc \u00e9rint\u00e9s\u00e9nek elker\u00fcl\u00e9se, valamint a k\u00f6h\u00f6g\u00e9si etikett betart\u00e1sa, mely tov\u00e1bbra is a fert\u0151z\u00e9s megel\u0151z\u00e9s\u00e9nek legfontosabb eszk\u00f6ze.<\/strong><\/span><\/p>\n<p>[\/et_pb_text][\/et_pb_column][et_pb_column type=&#8221;1_3&#8243; _builder_version=&#8221;4.0.11&#8243; background_color=&#8221;rgba(0,0,0,0)&#8221; border_width_right=&#8221;1px&#8221; border_color_right=&#8221;#ab2421&#8243; border_style_right=&#8221;dotted&#8221; border_width_left=&#8221;1px&#8221; border_color_left=&#8221;#ab2421&#8243; border_style_left=&#8221;dotted&#8221;][et_pb_text _builder_version=&#8221;4.0.11&#8243; header_2_font=&#8221;|700|||||||&#8221; header_2_text_color=&#8221;#ab2421&#8243; header_2_font_size=&#8221;2em&#8221; custom_padding=&#8221;1vw||1vw||true|false&#8221;]<\/p>\n<h2 style=\"text-align: center;\">PROGRAMOK<\/h2>\n<p>[\/et_pb_text][et_pb_image src=&#8221;http:\/\/varaljasiklos.hu\/wp-content\/uploads\/2020\/06\/Ptogramok_20200626_01.jpg&#8221; title_text=&#8221;Megh\u00edv\u00f3&#8221; _builder_version=&#8221;4.4.8&#8243; max_width=&#8221;70%&#8221; module_alignment=&#8221;center&#8221;][\/et_pb_image][et_pb_image src=&#8221;http:\/\/varaljasiklos.hu\/wp-content\/uploads\/2020\/06\/Programok_20200630_02.jpg&#8221; title_text=&#8221;Megh\u00edv\u00f3&#8221; _builder_version=&#8221;4.4.8&#8243; max_width=&#8221;70%&#8221; module_alignment=&#8221;center&#8221;][\/et_pb_image][et_pb_button button_url=&#8221;http:\/\/varaljasiklos.hu\/index.php\/kozelgo-programok\/&#8221; button_text=&#8221;R\u00e9szletes program&#8230;&#8221; button_alignment=&#8221;center&#8221; _builder_version=&#8221;4.4.8&#8243; custom_button=&#8221;on&#8221; button_text_color=&#8221;#ab2421&#8243; button_border_color=&#8221;#ab2421&#8243; custom_margin=&#8221;||5vw||false|false&#8221;][\/et_pb_button][\/et_pb_column][et_pb_column type=&#8221;1_3&#8243; _builder_version=&#8221;3.27.4&#8243;][et_pb_text _builder_version=&#8221;4.0.11&#8243; header_2_font=&#8221;|700|||||||&#8221; header_2_text_color=&#8221;#ab2421&#8243; header_2_font_size=&#8221;2em&#8221; custom_padding=&#8221;1vw||1vw||true|false&#8221;]<\/p>\n<h2 style=\"text-align: center;\">LEG\u00daJABB GAL\u00c9RI\u00c1K<\/h2>\n<p>[\/et_pb_text][et_pb_blurb title=&#8221;Sportnap&#8221; use_icon=&#8221;on&#8221; font_icon=&#8221;%%100%%&#8221; icon_color=&#8221;#ab2421&#8243; icon_placement=&#8221;left&#8221; use_icon_font_size=&#8221;on&#8221; icon_font_size=&#8221;35px&#8221; _builder_version=&#8221;4.0.11&#8243; header_font=&#8221;|700||on|||||&#8221; header_text_color=&#8221;#ab2421&#8243;]<\/p>\n<p>2020.02.29.<\/p>\n<p>[\/et_pb_blurb][et_pb_gallery gallery_ids=&#8221;2120,2125,2127,2126,2123,2124,2122,2121,2119&#8243; gallery_orderby=&#8221;rand&#8221; fullwidth=&#8221;on&#8221; hover_icon=&#8221;%%52%%&#8221; _builder_version=&#8221;4.0.11&#8243; pagination_text_color=&#8221;#ffffff&#8221; background_layout=&#8221;dark&#8221; width=&#8221;75%&#8221; module_alignment=&#8221;center&#8221; box_shadow_style=&#8221;preset3&#8243;][\/et_pb_gallery][et_pb_divider _builder_version=&#8221;4.0.11&#8243;][\/et_pb_divider][et_pb_blurb title=&#8221;J\u00d3 GYAKORLAT KIR\u00c1NDUL\u00c1S&#8221; use_icon=&#8221;on&#8221; font_icon=&#8221;%%100%%&#8221; icon_color=&#8221;#ab2421&#8243; icon_placement=&#8221;left&#8221; use_icon_font_size=&#8221;on&#8221; icon_font_size=&#8221;35px&#8221; _builder_version=&#8221;4.0.11&#8243; header_font=&#8221;|700||on|||||&#8221; header_text_color=&#8221;#ab2421&#8243;]<\/p>\n<p>2020.02.29.<\/p>\n<p>[\/et_pb_blurb][et_pb_gallery gallery_ids=&#8221;2108,2109,2110,2113,2111,2112,2116,2114&#8243; gallery_orderby=&#8221;rand&#8221; fullwidth=&#8221;on&#8221; hover_icon=&#8221;%%52%%&#8221; _builder_version=&#8221;4.4.8&#8243; pagination_text_color=&#8221;#ffffff&#8221; background_layout=&#8221;dark&#8221; width=&#8221;75%&#8221; module_alignment=&#8221;center&#8221; box_shadow_style=&#8221;preset3&#8243;][\/et_pb_gallery][\/et_pb_column][\/et_pb_row][\/et_pb_section][et_pb_section fb_built=&#8221;1&#8243; next_background_color=&#8221;#ab2421&#8243; _builder_version=&#8221;4.4.8&#8243; custom_margin=&#8221;0vw||0vw||false|false&#8221; custom_padding=&#8221;0px||0vw||false|false&#8221; top_divider_color=&#8221;#ab2421&#8243; bottom_divider_style=&#8221;wave2&#8243; bottom_divider_style_tablet=&#8221;none&#8221; bottom_divider_style_phone=&#8221;&#8221; bottom_divider_style_last_edited=&#8221;on|desktop&#8221;][et_pb_row column_structure=&#8221;1_3,1_3,1_3&#8243; _builder_version=&#8221;4.0.11&#8243; width=&#8221;100%&#8221; max_width=&#8221;100%&#8221; custom_margin=&#8221;0px||0px||false|false&#8221; custom_padding=&#8221;0vw||0vw||true|false&#8221;][et_pb_column type=&#8221;1_3&#8243; _builder_version=&#8221;3.27.4&#8243;][\/et_pb_column][et_pb_column type=&#8221;1_3&#8243; _builder_version=&#8221;3.27.4&#8243;][\/et_pb_column][et_pb_column type=&#8221;1_3&#8243; _builder_version=&#8221;3.27.4&#8243;][\/et_pb_column][\/et_pb_row][\/et_pb_section][et_pb_section fb_built=&#8221;1&#8243; custom_padding_last_edited=&#8221;on|phone&#8221; _builder_version=&#8221;4.4.8&#8243; background_color=&#8221;#ab2421&#8243; custom_margin=&#8221;0vw||0px||false|false&#8221; custom_margin_tablet=&#8221;||5vw||false|false&#8221; custom_margin_phone=&#8221;||5vw||false|false&#8221; custom_margin_last_edited=&#8221;on|desktop&#8221; custom_padding=&#8221;0px||0px|||&#8221; custom_padding_tablet=&#8221;0px||0px||false|false&#8221; custom_padding_phone=&#8221;0px||0px||false|false&#8221;][et_pb_row _builder_version=&#8221;3.27.4&#8243; custom_padding=&#8221;3px||0px|||&#8221;][et_pb_column type=&#8221;4_4&#8243; _builder_version=&#8221;3.27.4&#8243;][et_pb_text _builder_version=&#8221;4.4.8&#8243; header_2_font=&#8221;Trebuchet||||||||&#8221; header_2_text_align=&#8221;center&#8221; header_2_text_color=&#8221;#FFFFFF&#8221; header_2_font_size=&#8221;1.2em&#8221; custom_margin=&#8221;||0px||false|false&#8221; custom_padding=&#8221;||0px||false|false&#8221; header_2_font_size_tablet=&#8221;1.5em&#8221; header_2_font_size_phone=&#8221;1em&#8221; header_2_font_size_last_edited=&#8221;on|phone&#8221;]<\/p>\n<h2 style=\"text-align: center;\">Powered by: PTI Communications Kft.<\/h2>\n<p>[\/et_pb_text][\/et_pb_column][\/et_pb_row][\/et_pb_section]<\/p>\n","protected":false},"excerpt":{"rendered":"<p>[et_pb_section fb_built=&#8221;1&#8243; fullwidth=&#8221;on&#8221; _builder_version=&#8221;3.27.4&#8243;][et_pb_fullwidth_image src=&#8221;http:\/\/varaljasiklos.hu\/wp-content\/uploads\/2019\/09\/head01.jpg&#8221; _builder_version=&#8221;3.27.4&#8243;][\/et_pb_fullwidth_image][\/et_pb_section][et_pb_section fb_built=&#8221;1&#8243; fullwidth=&#8221;on&#8221; disabled_on=&#8221;on|on|off&#8221; _builder_version=&#8221;4.0.11&#8243; background_color=&#8221;rgba(0,0,0,0)&#8221; custom_margin=&#8221;0px||||false|false&#8221; custom_padding=&#8221;0px||0px||false|false&#8221; custom_css_main_element=&#8221;padding-top:0;&#8221; global_module=&#8221;122&#8243;][et_pb_fullwidth_menu fullwidth_menu=&#8221;off&#8221; _builder_version=&#8221;4.0.11&#8243; menu_font=&#8221;|||on|||||&#8221; menu_font_size=&#8221;0.85em&#8221; menu_letter_spacing=&#8221;2px&#8221; background_enable_color=&#8221;off&#8221; use_background_color_gradient=&#8221;on&#8221; background_color_gradient_start=&#8221;#ab2421&#8243; background_color_gradient_end=&#8221;#e02b20&#8243; text_orientation=&#8221;center&#8221; background_layout=&#8221;dark&#8221; max_height=&#8221;35px&#8221; custom_margin=&#8221;0px||0px||false|false&#8221; custom_padding=&#8221;0px||0px||false|false&#8221; custom_css_menu_link=&#8221;bottom:25px;&#8221;][\/et_pb_fullwidth_menu][\/et_pb_section][et_pb_section fb_built=&#8221;1&#8243; fullwidth=&#8221;on&#8221; disabled_on=&#8221;on|on|off&#8221; _builder_version=&#8221;4.0.11&#8243; custom_margin=&#8221;0px||0px||false|false&#8221; custom_padding=&#8221;0px||0px||false|false&#8221; custom_css_main_element=&#8221;height:1.5v&#8221; global_module=&#8221;124&#8243;][et_pb_fullwidth_menu menu_id=&#8221;10&#8243; fullwidth_menu=&#8221;off&#8221; dropdown_menu_bg_color=&#8221;#ab2421&#8243; dropdown_menu_text_color=&#8221;#ffffff&#8221; mobile_menu_text_color=&#8221;#ab2421&#8243; _builder_version=&#8221;4.0.11&#8243; menu_font=&#8221;|||on|||||&#8221; menu_font_size=&#8221;0.85em&#8221; menu_letter_spacing=&#8221;2px&#8221; background_enable_color=&#8221;off&#8221; use_background_color_gradient=&#8221;on&#8221; background_color_gradient_start=&#8221;#e02b20&#8243; background_color_gradient_end=&#8221;#ab2421&#8243; text_orientation=&#8221;center&#8221; background_layout=&#8221;dark&#8221; max_height=&#8221;35px&#8221; custom_margin=&#8221;0px||0px||false|false&#8221; [&hellip;]<\/p>\n","protected":false},"author":1,"featured_media":0,"parent":0,"menu_order":0,"comment_status":"closed","ping_status":"closed","template":"page-template-blank.php","meta":{"_et_pb_use_builder":"on","_et_pb_old_content":"","_et_gb_content_width":"","footnotes":""},"class_list":["post-861","page","type-page","status-publish","hentry"],"_links":{"self":[{"href":"https:\/\/varaljasiklos.hu\/index.php\/wp-json\/wp\/v2\/pages\/861","targetHints":{"allow":["GET"]}}],"collection":[{"href":"https:\/\/varaljasiklos.hu\/index.php\/wp-json\/wp\/v2\/pages"}],"about":[{"href":"https:\/\/varaljasiklos.hu\/index.php\/wp-json\/wp\/v2\/types\/page"}],"author":[{"embeddable":true,"href":"https:\/\/varaljasiklos.hu\/index.php\/wp-json\/wp\/v2\/users\/1"}],"replies":[{"embeddable":true,"href":"https:\/\/varaljasiklos.hu\/index.php\/wp-json\/wp\/v2\/comments?post=861"}],"version-history":[{"count":49,"href":"https:\/\/varaljasiklos.hu\/index.php\/wp-json\/wp\/v2\/pages\/861\/revisions"}],"predecessor-version":[{"id":2544,"href":"https:\/\/varaljasiklos.hu\/index.php\/wp-json\/wp\/v2\/pages\/861\/revisions\/2544"}],"wp:attachment":[{"href":"https:\/\/varaljasiklos.hu\/index.php\/wp-json\/wp\/v2\/media?parent=861"}],"curies":[{"name":"wp","href":"https:\/\/api.w.org\/{rel}","templated":true}]}}