{"id":92,"date":"2019-09-13T12:29:41","date_gmt":"2019-09-13T12:29:41","guid":{"rendered":"http:\/\/varaljasiklos.hu\/?page_id=92"},"modified":"2020-01-24T15:04:29","modified_gmt":"2020-01-24T15:04:29","slug":"sikh-er-pont-kozossegi-haz","status":"publish","type":"page","link":"https:\/\/varaljasiklos.hu\/index.php\/sikh-er-pont-kozossegi-haz\/","title":{"rendered":"Si-k(h)er Pont K\u00f6z\u00f6ss\u00e9gi H\u00e1z"},"content":{"rendered":"<p>[et_pb_section fb_built=&#8221;1&#8243; fullwidth=&#8221;on&#8221; _builder_version=&#8221;3.27.4&#8243;][et_pb_fullwidth_image src=&#8221;http:\/\/varaljasiklos.hu\/wp-content\/uploads\/2019\/09\/head01.jpg&#8221; _builder_version=&#8221;3.27.4&#8243;][\/et_pb_fullwidth_image][\/et_pb_section][et_pb_section fb_built=&#8221;1&#8243; fullwidth=&#8221;on&#8221; disabled_on=&#8221;on|on|off&#8221; _builder_version=&#8221;4.0.11&#8243; background_color=&#8221;rgba(0,0,0,0)&#8221; height=&#8221;25px&#8221; custom_margin=&#8221;0px||||false|false&#8221; custom_padding=&#8221;0px||0px||false|false&#8221; global_module=&#8221;122&#8243;][et_pb_fullwidth_menu fullwidth_menu=&#8221;off&#8221; _builder_version=&#8221;4.0.11&#8243; menu_font=&#8221;|||on|||||&#8221; menu_font_size=&#8221;16px&#8221; menu_letter_spacing=&#8221;2px&#8221; background_enable_color=&#8221;off&#8221; use_background_color_gradient=&#8221;on&#8221; background_color_gradient_start=&#8221;#ab2421&#8243; background_color_gradient_end=&#8221;#e02b20&#8243; text_orientation=&#8221;center&#8221; background_layout=&#8221;dark&#8221; height=&#8221;60px&#8221; custom_margin=&#8221;0px||0px||false|false&#8221; custom_padding=&#8221;0px||0px||false|false&#8221;][\/et_pb_fullwidth_menu][\/et_pb_section][et_pb_section fb_built=&#8221;1&#8243; fullwidth=&#8221;on&#8221; disabled_on=&#8221;on|on|off&#8221; _builder_version=&#8221;4.0.11&#8243; custom_margin=&#8221;0px||0px||false|false&#8221; custom_padding=&#8221;0px||0px||false|false&#8221; custom_css_main_element=&#8221;height:1.5v&#8221; global_module=&#8221;124&#8243;][et_pb_fullwidth_menu menu_id=&#8221;10&#8243; fullwidth_menu=&#8221;off&#8221; _builder_version=&#8221;4.0.11&#8243; menu_font=&#8221;|||on|||||&#8221; menu_font_size=&#8221;16px&#8221; menu_letter_spacing=&#8221;2px&#8221; background_enable_color=&#8221;off&#8221; use_background_color_gradient=&#8221;on&#8221; background_color_gradient_start=&#8221;#e02b20&#8243; background_color_gradient_end=&#8221;#ab2421&#8243; text_orientation=&#8221;center&#8221; background_layout=&#8221;dark&#8221; height=&#8221;60px&#8221; custom_margin=&#8221;0px||0px||false|false&#8221; custom_padding=&#8221;0px||0px||false|false&#8221;][\/et_pb_fullwidth_menu][\/et_pb_section][et_pb_section fb_built=&#8221;1&#8243; fullwidth=&#8221;on&#8221; custom_padding_last_edited=&#8221;on|phone&#8221; disabled_on=&#8221;off|off|on&#8221; _builder_version=&#8221;3.27.4&#8243; use_background_color_gradient=&#8221;on&#8221; custom_padding_tablet=&#8221;&#8221; custom_padding_phone=&#8221;0px||0px||false|false&#8221; global_module=&#8221;371&#8243; saved_tabs=&#8221;all&#8221;][et_pb_fullwidth_menu menu_id=&#8221;12&#8243; dropdown_menu_bg_color=&#8221;#ab2421&#8243; dropdown_menu_line_color=&#8221;#ab2421&#8243; mobile_menu_bg_color=&#8221;#ab2421&#8243; _builder_version=&#8221;4.0.11&#8243; menu_font=&#8221;|||on|||||&#8221; menu_font_size=&#8221;16px&#8221; menu_line_height=&#8221;0.9em&#8221; use_background_color_gradient=&#8221;on&#8221; background_color_gradient_start=&#8221;#ab2421&#8243; background_color_gradient_end=&#8221;#e02b20&#8243; background_layout=&#8221;dark&#8221; menu_font_size_tablet=&#8221;16px&#8221; menu_font_size_phone=&#8221;15px&#8221; menu_font_size_last_edited=&#8221;on|tablet&#8221;][\/et_pb_fullwidth_menu][\/et_pb_section][et_pb_section fb_built=&#8221;1&#8243; custom_padding_last_edited=&#8221;on|tablet&#8221; _builder_version=&#8221;4.0.11&#8243; custom_margin_tablet=&#8221;||0px||false|false&#8221; custom_margin_phone=&#8221;&#8221; custom_margin_last_edited=&#8221;on|phone&#8221; custom_padding=&#8221;0px||0px||false|false&#8221; custom_padding_tablet=&#8221;||0px||false|false&#8221; custom_padding_phone=&#8221;0px||0px||false|false&#8221;][et_pb_row _builder_version=&#8221;4.0.11&#8243; width=&#8221;100%&#8221; max_width=&#8221;90%&#8221; custom_padding=&#8221;||0px||false|false&#8221; border_width_bottom=&#8221;2px&#8221; border_color_bottom=&#8221;#ab2421&#8243; border_style_bottom=&#8221;dotted&#8221;][et_pb_column type=&#8221;4_4&#8243; _builder_version=&#8221;3.27.4&#8243;][et_pb_post_title meta=&#8221;off&#8221; featured_image=&#8221;off&#8221; _builder_version=&#8221;4.0.11&#8243; title_font=&#8221;Trebuchet|800||on|||||&#8221; title_text_color=&#8221;#ab2421&#8243; title_font_size=&#8221;2em&#8221; title_font_size_tablet=&#8221;1.7em&#8221; title_font_size_phone=&#8221;1.3em&#8221; title_font_size_last_edited=&#8221;on|tablet&#8221;][\/et_pb_post_title][\/et_pb_column][\/et_pb_row][\/et_pb_section][et_pb_section fb_built=&#8221;1&#8243; _builder_version=&#8221;3.27.4&#8243; custom_padding=&#8221;1px||2vw||false|false&#8221;][et_pb_row column_structure=&#8221;1_2,1_2&#8243; _builder_version=&#8221;3.27.4&#8243;][et_pb_column type=&#8221;1_2&#8243; _builder_version=&#8221;3.27.4&#8243;][et_pb_image src=&#8221;http:\/\/varaljasiklos.hu\/wp-content\/uploads\/2019\/10\/20191028_sikher_haz.jpg&#8221; _builder_version=&#8221;3.27.4&#8243;][\/et_pb_image][\/et_pb_column][et_pb_column type=&#8221;1_2&#8243; _builder_version=&#8221;3.27.4&#8243;][et_pb_text _builder_version=&#8221;4.0.9&#8243;]<\/p>\n<div style=\"text-align: justify;\">A Si-k(h)er Pont K\u00f6z\u00f6ss\u00e9gi H\u00e1z a V\u00e1ralja utca 28. sz\u00e1m alatt tal\u00e1lhat\u00f3 t\u00e9r, amely az utca legutols\u00f3 h\u00e1zak\u00e9nt, a Sikl\u00f3si V\u00e1r alatt n\u00e9z r\u00e1 a t\u00f6bbi h\u00e1zra \u00e9s a Sikl\u00f3si Term\u00e1lf\u00fcrd\u0151re. A k\u00f6z\u00f6ss\u00e9gi h\u00e1z ad teret a Bagoly Klubnak, a k\u00f6z\u00f6ss\u00e9gi programoknak, az eg\u00e9szs\u00e9gfejleszt\u0151 \u00e9s k\u00f6zbiztons\u00e1gi programoknak is. A h\u00e1zban tal\u00e1lhat\u00f3 egy cser\u00e9pk\u00e1lyha, amely kellemesen felf\u0171ti a teret t\u00e9li programok eset\u00e9n, \u00e9s egyben fokozza a csal\u00e1dias hangulatot is. A k\u00f6z\u00f6ss\u00e9gi h\u00e1z egyik helyis\u00e9ge irodak\u00e9nt funkcion\u00e1l, itt tal\u00e1lhat\u00f3k a projekt keret\u00e9ben v\u00e1s\u00e1rolt eszk\u00f6z\u00f6k, a m\u00e1sik pedig a k\u00e9zm\u0171ves foglalkoz\u00e1sokra, korrepet\u00e1l\u00e1sokra, dr\u00e1ma foglalkoz\u00e1sokra alkalmas. A k\u00f6z\u00f6ss\u00e9gi programok f\u0151 helysz\u00edne pedig a konyha \u00e9s az udvar. A h\u00e1z folyamatosan \u00e9p\u00fcl-sz\u00e9p\u00fcl, ezt mutatja az is, hogy a projekt kezdete \u00f3ta az udvaron fel\u00e9p\u00fclt egy fakuck\u00f3 cs\u00faszd\u00e1val, valamint elk\u00e9sz\u00fcl a cig\u00e1nykemence is.<\/div>\n<div><\/div>\n<h3><\/h3>\n<h3>Szeretettel v\u00e1runk mindenkit a Si-k(h)er Ponton!<\/h3>\n<p>[\/et_pb_text][\/et_pb_column][\/et_pb_row][\/et_pb_section][et_pb_section fb_built=&#8221;1&#8243; custom_padding_last_edited=&#8221;on|phone&#8221; next_background_color=&#8221;#ab2421&#8243; _builder_version=&#8221;3.27.4&#8243; custom_padding=&#8221;||0px|||&#8221; custom_padding_tablet=&#8221;&#8221; custom_padding_phone=&#8221;0px||||false|false&#8221; bottom_divider_style=&#8221;wave2&#8243; bottom_divider_style_tablet=&#8221;none&#8221; bottom_divider_style_phone=&#8221;&#8221; bottom_divider_style_last_edited=&#8221;on|phone&#8221;][et_pb_row column_structure=&#8221;1_3,1_3,1_3&#8243; custom_padding_last_edited=&#8221;on|phone&#8221; _builder_version=&#8221;3.27.4&#8243; width=&#8221;100%&#8221; max_width=&#8221;100%&#8221; custom_padding=&#8221;0px||2px||false|false&#8221; custom_padding_tablet=&#8221;&#8221; custom_padding_phone=&#8221;&#8221;][et_pb_column type=&#8221;1_3&#8243; _builder_version=&#8221;3.27.4&#8243;][\/et_pb_column][et_pb_column type=&#8221;1_3&#8243; _builder_version=&#8221;3.27.4&#8243;][\/et_pb_column][et_pb_column type=&#8221;1_3&#8243; _builder_version=&#8221;3.27.4&#8243;][et_pb_image src=&#8221;http:\/\/varaljasiklos.hu\/wp-content\/uploads\/2019\/09\/infoblokk_web.png&#8221; align=&#8221;right&#8221; _builder_version=&#8221;3.27.4&#8243; width_tablet=&#8221;25%&#8221; width_phone=&#8221;30%&#8221; width_last_edited=&#8221;on|tablet&#8221; custom_css_main_element=&#8221;position:fixed;||right:0;||bottom:0;&#8221;][\/et_pb_image][\/et_pb_column][\/et_pb_row][\/et_pb_section][et_pb_section fb_built=&#8221;1&#8243; _builder_version=&#8221;4.0.11&#8243; background_color=&#8221;#ab2421&#8243; custom_margin=&#8221;||0px||false|false&#8221; custom_margin_tablet=&#8221;||5vw||false|false&#8221; custom_margin_phone=&#8221;&#8221; custom_margin_last_edited=&#8221;on|desktop&#8221; custom_padding=&#8221;0px||0px||false|false&#8221;][et_pb_row _builder_version=&#8221;4.0.11&#8243; custom_padding=&#8221;0px||0px||false|false&#8221;][et_pb_column type=&#8221;4_4&#8243; _builder_version=&#8221;3.27.4&#8243;][et_pb_text _builder_version=&#8221;4.0.11&#8243; header_2_font=&#8221;Trebuchet||||||||&#8221; header_2_text_align=&#8221;center&#8221; header_2_text_color=&#8221;#FFFFFF&#8221; header_2_font_size=&#8221;1.2em&#8221; header_2_font_size_tablet=&#8221;1.5em&#8221; header_2_font_size_phone=&#8221;1em&#8221; header_2_font_size_last_edited=&#8221;on|tablet&#8221;]<\/p>\n<h2 style=\"text-align: center;\">Powered by: PTI Communications Kft.<\/h2>\n<p>[\/et_pb_text][\/et_pb_column][\/et_pb_row][\/et_pb_section]<\/p>\n","protected":false},"excerpt":{"rendered":"<p>[et_pb_section fb_built=&#8221;1&#8243; fullwidth=&#8221;on&#8221; _builder_version=&#8221;3.27.4&#8243;][et_pb_fullwidth_image src=&#8221;http:\/\/varaljasiklos.hu\/wp-content\/uploads\/2019\/09\/head01.jpg&#8221; _builder_version=&#8221;3.27.4&#8243;][\/et_pb_fullwidth_image][\/et_pb_section][et_pb_section fb_built=&#8221;1&#8243; fullwidth=&#8221;on&#8221; disabled_on=&#8221;on|on|off&#8221; _builder_version=&#8221;4.0.11&#8243; background_color=&#8221;rgba(0,0,0,0)&#8221; height=&#8221;25px&#8221; custom_margin=&#8221;0px||||false|false&#8221; custom_padding=&#8221;0px||0px||false|false&#8221; global_module=&#8221;122&#8243;][et_pb_fullwidth_menu fullwidth_menu=&#8221;off&#8221; _builder_version=&#8221;4.0.11&#8243; menu_font=&#8221;|||on|||||&#8221; menu_font_size=&#8221;16px&#8221; menu_letter_spacing=&#8221;2px&#8221; background_enable_color=&#8221;off&#8221; use_background_color_gradient=&#8221;on&#8221; background_color_gradient_start=&#8221;#ab2421&#8243; background_color_gradient_end=&#8221;#e02b20&#8243; text_orientation=&#8221;center&#8221; background_layout=&#8221;dark&#8221; height=&#8221;60px&#8221; custom_margin=&#8221;0px||0px||false|false&#8221; custom_padding=&#8221;0px||0px||false|false&#8221;][\/et_pb_fullwidth_menu][\/et_pb_section][et_pb_section fb_built=&#8221;1&#8243; fullwidth=&#8221;on&#8221; disabled_on=&#8221;on|on|off&#8221; _builder_version=&#8221;4.0.11&#8243; custom_margin=&#8221;0px||0px||false|false&#8221; custom_padding=&#8221;0px||0px||false|false&#8221; custom_css_main_element=&#8221;height:1.5v&#8221; global_module=&#8221;124&#8243;][et_pb_fullwidth_menu menu_id=&#8221;10&#8243; fullwidth_menu=&#8221;off&#8221; _builder_version=&#8221;4.0.11&#8243; menu_font=&#8221;|||on|||||&#8221; menu_font_size=&#8221;16px&#8221; menu_letter_spacing=&#8221;2px&#8221; background_enable_color=&#8221;off&#8221; use_background_color_gradient=&#8221;on&#8221; background_color_gradient_start=&#8221;#e02b20&#8243; background_color_gradient_end=&#8221;#ab2421&#8243; text_orientation=&#8221;center&#8221; background_layout=&#8221;dark&#8221; height=&#8221;60px&#8221; custom_margin=&#8221;0px||0px||false|false&#8221; custom_padding=&#8221;0px||0px||false|false&#8221;][\/et_pb_fullwidth_menu][\/et_pb_section][et_pb_section fb_built=&#8221;1&#8243; fullwidth=&#8221;on&#8221; custom_padding_last_edited=&#8221;on|phone&#8221; [&hellip;]<\/p>\n","protected":false},"author":1,"featured_media":0,"parent":0,"menu_order":0,"comment_status":"closed","ping_status":"closed","template":"page-template-blank.php","meta":{"_et_pb_use_builder":"on","_et_pb_old_content":"","_et_gb_content_width":"","footnotes":""},"class_list":["post-92","page","type-page","status-publish","hentry"],"_links":{"self":[{"href":"https:\/\/varaljasiklos.hu\/index.php\/wp-json\/wp\/v2\/pages\/92","targetHints":{"allow":["GET"]}}],"collection":[{"href":"https:\/\/varaljasiklos.hu\/index.php\/wp-json\/wp\/v2\/pages"}],"about":[{"href":"https:\/\/varaljasiklos.hu\/index.php\/wp-json\/wp\/v2\/types\/page"}],"author":[{"embeddable":true,"href":"https:\/\/varaljasiklos.hu\/index.php\/wp-json\/wp\/v2\/users\/1"}],"replies":[{"embeddable":true,"href":"https:\/\/varaljasiklos.hu\/index.php\/wp-json\/wp\/v2\/comments?post=92"}],"version-history":[{"count":27,"href":"https:\/\/varaljasiklos.hu\/index.php\/wp-json\/wp\/v2\/pages\/92\/revisions"}],"predecessor-version":[{"id":897,"href":"https:\/\/varaljasiklos.hu\/index.php\/wp-json\/wp\/v2\/pages\/92\/revisions\/897"}],"wp:attachment":[{"href":"https:\/\/varaljasiklos.hu\/index.php\/wp-json\/wp\/v2\/media?parent=92"}],"curies":[{"name":"wp","href":"https:\/\/api.w.org\/{rel}","templated":true}]}}